{"id":6115,"date":"2025-06-02T21:01:02","date_gmt":"2025-06-03T00:01:02","guid":{"rendered":"https:\/\/1ogro.com\/projects\/degenerauerj\/?page_id=6115"},"modified":"2025-08-04T22:16:48","modified_gmt":"2025-08-05T01:16:48","slug":"corpo","status":"publish","type":"page","link":"https:\/\/1ogro.com\/projects\/degenerauerj\/corpo\/","title":{"rendered":"Corpo"},"content":{"rendered":"[vc_row type=&#8221;full_width_background&#8221; full_screen_row_position=&#8221;middle&#8221; column_margin=&#8221;default&#8221; column_direction=&#8221;default&#8221; column_direction_tablet=&#8221;default&#8221; column_direction_phone=&#8221;default&#8221; scene_position=&#8221;center&#8221; top_padding=&#8221;8%&#8221; bottom_padding=&#8221;7%&#8221; text_color=&#8221;dark&#8221; text_align=&#8221;left&#8221; row_border_radius=&#8221;none&#8221; row_border_radius_applies=&#8221;bg&#8221; overflow=&#8221;visible&#8221; id=&#8221;about-text&#8221; overlay_strength=&#8221;1&#8243; gradient_direction=&#8221;left_to_right&#8221; shape_divider_position=&#8221;bottom&#8221; bg_image_animation=&#8221;none&#8221; shape_type=&#8221;&#8221; gradient_type=&#8221;default&#8221;][vc_column column_padding=&#8221;no-extra-padding&#8221; column_padding_tablet=&#8221;inherit&#8221; column_padding_phone=&#8221;inherit&#8221; column_padding_position=&#8221;all&#8221; column_element_direction_desktop=&#8221;default&#8221; column_element_spacing=&#8221;default&#8221; desktop_text_alignment=&#8221;default&#8221; tablet_text_alignment=&#8221;default&#8221; phone_text_alignment=&#8221;default&#8221; background_color_opacity=&#8221;1&#8243; background_hover_color_opacity=&#8221;1&#8243; column_backdrop_filter=&#8221;none&#8221; column_shadow=&#8221;none&#8221; column_border_radius=&#8221;none&#8221; column_link_target=&#8221;_self&#8221; column_position=&#8221;default&#8221; gradient_direction=&#8221;left_to_right&#8221; overlay_strength=&#8221;0.3&#8243; width=&#8221;1\/1&#8243; tablet_width_inherit=&#8221;default&#8221; animation_type=&#8221;default&#8221; enable_animation=&#8221;true&#8221; animation=&#8221;fade-in-from-bottom&#8221; animation_easing=&#8221;default&#8221; bg_image_animation=&#8221;none&#8221; border_type=&#8221;simple&#8221; column_border_width=&#8221;none&#8221; column_border_style=&#8221;solid&#8221;][nectar_highlighted_text color_type=&#8221;regular&#8221; highlight_color=&#8221;#db00cc&#8221; style=&#8221;half_text&#8221; text_direction=&#8221;default&#8221;]\n<h2><em>Corpo<\/em><\/h2>\n[\/nectar_highlighted_text][vc_row_inner column_margin=&#8221;default&#8221; column_direction=&#8221;default&#8221; column_direction_tablet=&#8221;default&#8221; column_direction_phone=&#8221;default&#8221; text_align=&#8221;left&#8221; row_position=&#8221;default&#8221; row_position_tablet=&#8221;inherit&#8221; row_position_phone=&#8221;inherit&#8221; overflow=&#8221;visible&#8221; pointer_events=&#8221;all&#8221;][vc_column_inner column_padding=&#8221;padding-3-percent&#8221; column_padding_tablet=&#8221;inherit&#8221; column_padding_phone=&#8221;inherit&#8221; column_padding_position=&#8221;top-bottom&#8221; column_element_direction_desktop=&#8221;default&#8221; column_element_spacing=&#8221;default&#8221; desktop_text_alignment=&#8221;default&#8221; tablet_text_alignment=&#8221;default&#8221; phone_text_alignment=&#8221;default&#8221; background_color_opacity=&#8221;1&#8243; background_hover_color_opacity=&#8221;1&#8243; column_backdrop_filter=&#8221;none&#8221; column_shadow=&#8221;none&#8221; column_border_radius=&#8221;none&#8221; column_link_target=&#8221;_self&#8221; overflow=&#8221;visible&#8221; gradient_direction=&#8221;left_to_right&#8221; overlay_strength=&#8221;0.3&#8243; width=&#8221;1\/2&#8243; tablet_width_inherit=&#8221;default&#8221; animation_type=&#8221;default&#8221; enable_animation=&#8221;true&#8221; animation=&#8221;fade-in-from-bottom&#8221; animation_easing=&#8221;default&#8221; bg_image_animation=&#8221;none&#8221; border_type=&#8221;simple&#8221; column_border_width=&#8221;none&#8221; column_border_style=&#8221;solid&#8221;][vc_column_text css=&#8221;.vc_custom_1754355181393{padding-right: 10% !important;}&#8221; text_direction=&#8221;default&#8221;]<span style=\"font-weight: 400;\">Corpo \u00e9 entendido, neste Guia de Atividades, como uma dimens\u00e3o que n\u00e3o \u00e9 marcada apenas pela biologia e fisiologia, mas constitu\u00edda na rela\u00e7\u00e3o com o outro, pela linguagem e atravessada por marcadores sociais da diferen\u00e7a como ra\u00e7a, g\u00eanero, sexualidade, classe, territ\u00f3rio, defici\u00eancia, entre outros. Cada pessoa tem experi\u00eancias \u00fanicas com seu corpo em diferentes espa\u00e7os. Corpos carregam hist\u00f3rias e viv\u00eancias e produzem perspectivas singulares. Mas os corpos tamb\u00e9m possuem uma dimens\u00e3o coletiva ao estarem inseridos em um contexto s\u00f3cio-hist\u00f3rico espec\u00edfico, atravessados por caracter\u00edsticas que os situam nas rela\u00e7\u00f5es de poder. Em espa\u00e7os de conv\u00edvio, como por exemplo a escola, os corpos podem sofrer transforma\u00e7\u00f5es, experimentar dificuldades ou facilidades na rela\u00e7\u00e3o com o outro, com as normas e pr\u00e1ticas institucionais. Corpos tamb\u00e9m produzem transforma\u00e7\u00f5es e tensionam limites e regras em sua exist\u00eancia e intera\u00e7\u00e3o uns com os outros. A no\u00e7\u00e3o de corpo abrange a pluralidade de exist\u00eancias, de formas de express\u00e3o, de relacionamentos, de posicionamentos, de demonstra\u00e7\u00e3o de afetos e de possibilidades de conflitos e questionamentos.\u00a0<\/span>[\/vc_column_text][\/vc_column_inner][vc_column_inner column_padding=&#8221;padding-3-percent&#8221; column_padding_tablet=&#8221;inherit&#8221; column_padding_phone=&#8221;inherit&#8221; column_padding_position=&#8221;top-bottom&#8221; column_element_direction_desktop=&#8221;default&#8221; column_element_spacing=&#8221;default&#8221; desktop_text_alignment=&#8221;default&#8221; tablet_text_alignment=&#8221;default&#8221; phone_text_alignment=&#8221;default&#8221; background_color_opacity=&#8221;1&#8243; background_hover_color_opacity=&#8221;1&#8243; column_backdrop_filter=&#8221;none&#8221; column_shadow=&#8221;none&#8221; column_border_radius=&#8221;none&#8221; column_link_target=&#8221;_self&#8221; overflow=&#8221;visible&#8221; gradient_direction=&#8221;left_to_right&#8221; overlay_strength=&#8221;0.3&#8243; width=&#8221;1\/2&#8243; tablet_width_inherit=&#8221;default&#8221; animation_type=&#8221;default&#8221; enable_animation=&#8221;true&#8221; animation=&#8221;fade-in-from-bottom&#8221; animation_easing=&#8221;default&#8221; bg_image_animation=&#8221;none&#8221; border_type=&#8221;simple&#8221; column_border_width=&#8221;none&#8221; column_border_style=&#8221;solid&#8221; delay=&#8221;100&#8243;][vc_column_text css=&#8221;.vc_custom_1754355186292{padding-right: 10% !important;}&#8221; text_direction=&#8221;default&#8221;]<span style=\"font-weight: 400;\">Entendemos que cada corpo \u00e9 atravessado por marcadores sociais da diferen\u00e7a que se interseccionam, ganham sentidos e s\u00e3o lidos pelo outro em fun\u00e7\u00e3o das opress\u00f5es e rela\u00e7\u00f5es de poder existentes nos diferentes contextos. Essas caracter\u00edsticas, articuladas \u00e0s experi\u00eancias singulares, \u00e0s hist\u00f3rias pessoais, \u00e0s normas sociais e ao contexto s\u00f3cio-hist\u00f3rico mais amplo, produzem o que chamamos de subjetividade, que por sua vez produz modos de cada corpo estar no mundo, em um processo que n\u00e3o tem princ\u00edpio ou fim definidos. A maneira como s\u00e3o percebidos e significados os espa\u00e7os onde os corpos existem, a forma como corpos s\u00e3o vistos, regrados, desejados, punidos, cuidados, invisibilizados ou valorizados t\u00eam efeitos profundos na produ\u00e7\u00e3o de subjetividades, especialmente para crian\u00e7as e adolescentes. O corpo, junto da palavra, permite aprendizados, pois por meio da sua exist\u00eancia que ganha contornos, limites e produz efeitos. A constru\u00e7\u00e3o de saberes e conhecimentos deve ser pensada tendo como ponto de partida os diferentes corpos no mundo e na rela\u00e7\u00e3o com o outro.<\/span>[\/vc_column_text][\/vc_column_inner][\/vc_row_inner][\/vc_column][\/vc_row][vc_row type=&#8221;full_width_background&#8221; full_screen_row_position=&#8221;middle&#8221; column_margin=&#8221;default&#8221; equal_height=&#8221;yes&#8221; content_placement=&#8221;middle&#8221; column_direction=&#8221;default&#8221; column_direction_tablet=&#8221;default&#8221; column_direction_phone=&#8221;default&#8221; bg_color=&#8221;#db00cc&#8221; scene_position=&#8221;center&#8221; top_padding=&#8221;8%&#8221; bottom_padding=&#8221;3%&#8221; text_color=&#8221;light&#8221; text_align=&#8221;left&#8221; row_border_radius=&#8221;none&#8221; row_border_radius_applies=&#8221;bg&#8221; overflow=&#8221;visible&#8221; id=&#8221;steps&#8221; row_name=&#8221;Sign Up Steps&#8221; overlay_strength=&#8221;0.3&#8243; gradient_direction=&#8221;left_to_right&#8221; shape_divider_position=&#8221;bottom&#8221; bg_image_animation=&#8221;none&#8221; shape_type=&#8221;&#8221; gradient_type=&#8221;default&#8221;][vc_column column_padding=&#8221;padding-2-percent&#8221; column_padding_tablet=&#8221;inherit&#8221; column_padding_phone=&#8221;inherit&#8221; column_padding_position=&#8221;top-bottom&#8221; column_element_direction_desktop=&#8221;default&#8221; column_element_spacing=&#8221;default&#8221; desktop_text_alignment=&#8221;default&#8221; tablet_text_alignment=&#8221;default&#8221; phone_text_alignment=&#8221;default&#8221; background_color_opacity=&#8221;1&#8243; background_hover_color_opacity=&#8221;1&#8243; column_backdrop_filter=&#8221;none&#8221; column_shadow=&#8221;none&#8221; column_border_radius=&#8221;none&#8221; column_link_target=&#8221;_self&#8221; column_position=&#8221;default&#8221; gradient_direction=&#8221;left_to_right&#8221; overlay_strength=&#8221;0.3&#8243; width=&#8221;1\/1&#8243; tablet_width_inherit=&#8221;default&#8221; animation_type=&#8221;default&#8221; bg_image_animation=&#8221;none&#8221; border_type=&#8221;simple&#8221; column_border_width=&#8221;none&#8221; column_border_style=&#8221;solid&#8221; offset=&#8221;vc_col-xs-12&#8243;][nectar_icon_list animate=&#8221;true&#8221; color=&#8221;default&#8221; direction=&#8221;horizontal&#8221; columns=&#8221;3&#8243; icon_size=&#8221;small&#8221; icon_style=&#8221;border&#8221;][nectar_icon_list_item icon_type=&#8221;numerical&#8221; text_full_html=&#8221;html&#8221; title=&#8221;List Item&#8221; id=&#8221;1754355898600-9&#8243; header=&#8221;Baile de m\u00e1scaras&#8221; tab_id=&#8221;1754355898601-5&#8243;]\n<p><strong>Objetivo: <\/strong>Explorar como crian\u00e7as se expressam ludicamente, usar a criatividade como ferramenta de express\u00e3o f\u00edsica da subjetividade. Envolver a quest\u00e3o do olhar do outro, do ver e ser visto. Como pano de fundo, dialoga com o contexto da pandemia e do uso de m\u00e1scaras respirat\u00f3rias para preven\u00e7\u00e3o da Covid-19.<\/p>\n<a class=\"nectar-button n-sc-button small see-through\"  href=\"https:\/\/1ogro.com\/projects\/degenerauerj\/guia-de-atividades\/baile-de-mascaras\/\" data-color-override=\"false\" data-hover-color-override=\"false\" data-hover-text-color-override=\"#fff\"><span>Ver atividade<\/span><\/a>[\/nectar_icon_list_item][nectar_icon_list_item icon_type=&#8221;numerical&#8221; text_full_html=&#8221;html&#8221; title=&#8221;List Item&#8221; id=&#8221;1754355898628-2&#8243; header=&#8221;Brincando de Massinha&#8221; tab_id=&#8221;1754355898628-4&#8243;]\n<p><strong>Objetivo:<\/strong> Discutir diferen\u00e7as corporais, pensar formas de rela\u00e7\u00e3o do corpo com o prazer e express\u00f5es da sexualidade. Fazer eventuais esclarecimentos anat\u00f4micos, debatendo as d\u00favidas e curiosidades que a turma tenha a respeito.<\/p>\n<a class=\"nectar-button n-sc-button small see-through\"  href=\"https:\/\/1ogro.com\/projects\/degenerauerj\/guia-de-atividades\/brincando-de-massinha\" data-color-override=\"false\" data-hover-color-override=\"false\" data-hover-text-color-override=\"#fff\"><span>Ver atividade<\/span><\/a>[\/nectar_icon_list_item][nectar_icon_list_item icon_type=&#8221;numerical&#8221; text_full_html=&#8221;html&#8221; title=&#8221;List Item&#8221; id=&#8221;1754355898654-5&#8243; header=&#8221;Desenho de um corpo&#8221; tab_id=&#8221;1754355898655-3&#8243;]\n<p><strong>Objetivo:<\/strong> entender como as e os participantes representam um corpo de algu\u00e9m de sua idade, discutindo as diferen\u00e7as e os padr\u00f5es\/normatiza\u00e7\u00f5es corporais.<\/p>\n<a class=\"nectar-button n-sc-button small see-through\"  href=\"https:\/\/1ogro.com\/projects\/degenerauerj\/guia-de-atividades\/desenho-de-um-corpo\" data-color-override=\"false\" data-hover-color-override=\"false\" data-hover-text-color-override=\"#fff\"><span>Ver atividade<\/span><\/a>[\/nectar_icon_list_item][nectar_icon_list_item icon_type=&#8221;numerical&#8221; text_full_html=&#8221;html&#8221; title=&#8221;List Item&#8221; id=&#8221;1754356396402-7&#8243; tab_id=&#8221;1754356396403-7&#8243; header=&#8221;Entrevista com Personagens&#8221;]\n<p><strong>Objetivo:<\/strong>\u00a0Discutir como determinados estere\u00f3tipos s\u00e3o acionados para alguns personagens; problematizar imagens negativas que s\u00e3o constru\u00eddas socialmente para alguns grupos sociais; dialogar os personagens com as experi\u00eancias de vida das e dos participantes.<\/p>\n<a class=\"nectar-button n-sc-button small see-through\"  href=\"https:\/\/1ogro.com\/projects\/degenerauerj\/guia-de-atividades\/entrevista-com-personagens\" data-color-override=\"false\" data-hover-color-override=\"false\" data-hover-text-color-override=\"#fff\"><span>Ver Atividade<\/span><\/a>[\/nectar_icon_list_item][nectar_icon_list_item icon_type=&#8221;numerical&#8221; text_full_html=&#8221;html&#8221; title=&#8221;List Item&#8221; id=&#8221;1754355898637-7&#8243; header=&#8221;Pepinos e Abobrinhas&#8221; tab_id=&#8221;1754355898637-2&#8243;]\n<p>Objetivo: Conhecer os diferentes tipos de preservativos, conversar sobre seus usos, tirar d\u00favidas e estimular a intimidade dos participantes com o material.<\/p>\n<a class=\"nectar-button n-sc-button small see-through\"  href=\"https:\/\/1ogro.com\/projects\/degenerauerj\/guia-de-atividades\/pepinos-e-abobrinhas\" data-color-override=\"false\" data-hover-color-override=\"false\" data-hover-text-color-override=\"#fff\"><span>Ver atividade<\/span><\/a>[\/nectar_icon_list_item][nectar_icon_list_item icon_type=&#8221;numerical&#8221; text_full_html=&#8221;html&#8221; title=&#8221;List Item&#8221; id=&#8221;1754356533909-8&#8243; tab_id=&#8221;1754356533910-7&#8243; header=&#8221;Posso te Visitar?&#8221;]\n<p><strong>Objetivo:<\/strong> Explorar com a turma a import\u00e2ncia do consentimento e respeito nas rela\u00e7\u00f5es interpessoais, trabalhando no\u00e7\u00f5es de espa\u00e7o e corpo. Debater sobre a indispensabilidade da comunica\u00e7\u00e3o nos relacionamentos. Tornar f\u00edsico e visual, atrav\u00e9s do brincar, no\u00e7\u00f5es como a import\u00e2ncia da troca e da escuta do outro, seus limites e desejos, sendo esses condutores para a discuss\u00e3o\/entendimento do tema.<\/p>\n<a class=\"nectar-button n-sc-button small see-through\"  href=\"https:\/\/1ogro.com\/projects\/degenerauerj\/guia-de-atividades\/posso-te-visitar\/\" data-color-override=\"false\" data-hover-color-override=\"false\" data-hover-text-color-override=\"#fff\"><span>Ver Atividade<\/span><\/a>[\/nectar_icon_list_item][nectar_icon_list_item icon_type=&#8221;numerical&#8221; text_full_html=&#8221;html&#8221; title=&#8221;List Item&#8221; id=&#8221;1754355898665-7&#8243; header=&#8221;Teatro de Sentimentos&#8221; tab_id=&#8221;1754355898666-7&#8243;]\n<p><strong>Objetivo:<\/strong> trabalhar a expressividade dos sentimentos, circunscritas do contexto escolar, pensando em formas de elabora\u00e7\u00e3o poss\u00edveis dos mesmos, seus sentidos e caminhos, a partir das interven\u00e7\u00f5es nos fins das hist\u00f3rias.<\/p>\n<a class=\"nectar-button n-sc-button small see-through\"  href=\"https:\/\/1ogro.com\/projects\/degenerauerj\/guia-de-atividades\/teatro-de-sentimentos\/\" data-color-override=\"false\" data-hover-color-override=\"false\" data-hover-text-color-override=\"#fff\"><span>Ver atividade<\/span><\/a>[\/nectar_icon_list_item][\/nectar_icon_list][\/vc_column][\/vc_row]\n","protected":false},"excerpt":{"rendered":"<p>[vc_row type=&#8221;full_width_background&#8221; full_screen_row_position=&#8221;middle&#8221; column_margin=&#8221;default&#8221; column_direction=&#8221;default&#8221; column_direction_tablet=&#8221;default&#8221; column_direction_phone=&#8221;default&#8221; scene_position=&#8221;center&#8221; top_padding=&#8221;8%&#8221; bottom_padding=&#8221;7%&#8221; text_color=&#8221;dark&#8221; text_align=&#8221;left&#8221; row_border_radius=&#8221;none&#8221; row_border_radius_applies=&#8221;bg&#8221; overflow=&#8221;visible&#8221; id=&#8221;about-text&#8221; overlay_strength=&#8221;1&#8243; gradient_direction=&#8221;left_to_right&#8221; shape_divider_position=&#8221;bottom&#8221; bg_image_animation=&#8221;none&#8221; shape_type=&#8221;&#8221; gradient_type=&#8221;default&#8221;][vc_column column_padding=&#8221;no-extra-padding&#8221; column_padding_tablet=&#8221;inherit&#8221; column_padding_phone=&#8221;inherit&#8221;&#8230;<\/p>\n","protected":false},"author":1,"featured_media":0,"parent":0,"menu_order":0,"comment_status":"closed","ping_status":"closed","template":"","meta":{"inline_featured_image":false,"footnotes":""},"class_list":["post-6115","page","type-page","status-publish"],"_links":{"self":[{"href":"https:\/\/1ogro.com\/projects\/degenerauerj\/wp-json\/wp\/v2\/pages\/6115","targetHints":{"allow":["GET"]}}],"collection":[{"href":"https:\/\/1ogro.com\/projects\/degenerauerj\/wp-json\/wp\/v2\/pages"}],"about":[{"href":"https:\/\/1ogro.com\/projects\/degenerauerj\/wp-json\/wp\/v2\/types\/page"}],"author":[{"embeddable":true,"href":"https:\/\/1ogro.com\/projects\/degenerauerj\/wp-json\/wp\/v2\/users\/1"}],"replies":[{"embeddable":true,"href":"https:\/\/1ogro.com\/projects\/degenerauerj\/wp-json\/wp\/v2\/comments?post=6115"}],"version-history":[{"count":5,"href":"https:\/\/1ogro.com\/projects\/degenerauerj\/wp-json\/wp\/v2\/pages\/6115\/revisions"}],"predecessor-version":[{"id":6434,"href":"https:\/\/1ogro.com\/projects\/degenerauerj\/wp-json\/wp\/v2\/pages\/6115\/revisions\/6434"}],"wp:attachment":[{"href":"https:\/\/1ogro.com\/projects\/degenerauerj\/wp-json\/wp\/v2\/media?parent=6115"}],"curies":[{"name":"wp","href":"https:\/\/api.w.org\/{rel}","templated":true}]}}