{"id":6129,"date":"2025-06-02T21:21:08","date_gmt":"2025-06-03T00:21:08","guid":{"rendered":"https:\/\/1ogro.com\/projects\/degenerauerj\/?page_id=6129"},"modified":"2025-06-02T21:36:13","modified_gmt":"2025-06-03T00:36:13","slug":"lacos","status":"publish","type":"page","link":"https:\/\/1ogro.com\/projects\/degenerauerj\/lacos\/","title":{"rendered":"La\u00e7os"},"content":{"rendered":"[vc_row type=&#8221;full_width_background&#8221; full_screen_row_position=&#8221;middle&#8221; column_margin=&#8221;default&#8221; column_direction=&#8221;default&#8221; column_direction_tablet=&#8221;default&#8221; column_direction_phone=&#8221;default&#8221; scene_position=&#8221;center&#8221; top_padding=&#8221;8%&#8221; bottom_padding=&#8221;7%&#8221; text_color=&#8221;dark&#8221; text_align=&#8221;left&#8221; row_border_radius=&#8221;none&#8221; row_border_radius_applies=&#8221;bg&#8221; overflow=&#8221;visible&#8221; id=&#8221;about-text&#8221; overlay_strength=&#8221;1&#8243; gradient_direction=&#8221;left_to_right&#8221; shape_divider_position=&#8221;bottom&#8221; bg_image_animation=&#8221;none&#8221; shape_type=&#8221;&#8221; gradient_type=&#8221;default&#8221;][vc_column column_padding=&#8221;no-extra-padding&#8221; column_padding_tablet=&#8221;inherit&#8221; column_padding_phone=&#8221;inherit&#8221; column_padding_position=&#8221;all&#8221; column_element_direction_desktop=&#8221;default&#8221; column_element_spacing=&#8221;default&#8221; desktop_text_alignment=&#8221;default&#8221; tablet_text_alignment=&#8221;default&#8221; phone_text_alignment=&#8221;default&#8221; background_color_opacity=&#8221;1&#8243; background_hover_color_opacity=&#8221;1&#8243; column_backdrop_filter=&#8221;none&#8221; column_shadow=&#8221;none&#8221; column_border_radius=&#8221;none&#8221; column_link_target=&#8221;_self&#8221; column_position=&#8221;default&#8221; gradient_direction=&#8221;left_to_right&#8221; overlay_strength=&#8221;0.3&#8243; width=&#8221;1\/1&#8243; tablet_width_inherit=&#8221;default&#8221; animation_type=&#8221;default&#8221; enable_animation=&#8221;true&#8221; animation=&#8221;fade-in-from-bottom&#8221; animation_easing=&#8221;default&#8221; bg_image_animation=&#8221;none&#8221; border_type=&#8221;simple&#8221; column_border_width=&#8221;none&#8221; column_border_style=&#8221;solid&#8221;][nectar_highlighted_text color_type=&#8221;regular&#8221; highlight_color=&#8221;#9bbdf3&#8243; style=&#8221;half_text&#8221; text_direction=&#8221;default&#8221;]\n<h2><em>La\u00e7os<\/em><\/h2>\n[\/nectar_highlighted_text][vc_column_text css=&#8221;&#8221; text_direction=&#8221;default&#8221;]\n<h2>Entendemos la\u00e7os enquanto rela\u00e7\u00f5es intersubjetivas, que perpassam as rela\u00e7\u00f5es de poder, sendo caracterizadas pelos atravessamentos sociais.<\/h2>\n[\/vc_column_text][vc_row_inner column_margin=&#8221;default&#8221; column_direction=&#8221;default&#8221; column_direction_tablet=&#8221;default&#8221; column_direction_phone=&#8221;default&#8221; text_align=&#8221;left&#8221; row_position=&#8221;default&#8221; row_position_tablet=&#8221;inherit&#8221; row_position_phone=&#8221;inherit&#8221; overflow=&#8221;visible&#8221; pointer_events=&#8221;all&#8221;][vc_column_inner column_padding=&#8221;padding-3-percent&#8221; column_padding_tablet=&#8221;inherit&#8221; column_padding_phone=&#8221;inherit&#8221; column_padding_position=&#8221;top-bottom&#8221; column_element_direction_desktop=&#8221;default&#8221; column_element_spacing=&#8221;default&#8221; desktop_text_alignment=&#8221;default&#8221; tablet_text_alignment=&#8221;default&#8221; phone_text_alignment=&#8221;default&#8221; background_color_opacity=&#8221;1&#8243; background_hover_color_opacity=&#8221;1&#8243; column_backdrop_filter=&#8221;none&#8221; column_shadow=&#8221;none&#8221; column_border_radius=&#8221;none&#8221; column_link_target=&#8221;_self&#8221; overflow=&#8221;visible&#8221; gradient_direction=&#8221;left_to_right&#8221; overlay_strength=&#8221;0.3&#8243; width=&#8221;1\/2&#8243; tablet_width_inherit=&#8221;default&#8221; animation_type=&#8221;default&#8221; enable_animation=&#8221;true&#8221; animation=&#8221;fade-in-from-bottom&#8221; animation_easing=&#8221;default&#8221; bg_image_animation=&#8221;none&#8221; border_type=&#8221;simple&#8221; column_border_width=&#8221;none&#8221; column_border_style=&#8221;solid&#8221;][vc_column_text css=&#8221;.vc_custom_1748910045509{padding-right: 10% !important;}&#8221; text_direction=&#8221;default&#8221;]<span style=\"font-weight: 400;\">Nesse sentido, rela\u00e7\u00f5es sociais assumem lugar de import\u00e2ncia para o estabelecimento dos la\u00e7os. Podemos dizer que fam\u00edlia, escola, trabalho, religi\u00e3o, pol\u00edtica e lazer e, sobretudo os tipos de rela\u00e7\u00e3o estabelecidas nestes contextos, podem definir a qualidade dos la\u00e7os estabelecidos. Esses la\u00e7os podem se apresentar de diversas formas, sem ser resumido ao campo afetivo do amor, admira\u00e7\u00e3o e empatia, mas tamb\u00e9m de outros tipos, como raiva, desprezo e medo. Para que se estabele\u00e7am la\u00e7os, se faz necess\u00e1rio haver trajet\u00f3rias e atravessamentos que se conectam com aquilo que o sujeito se relaciona.<\/span>[\/vc_column_text][\/vc_column_inner][vc_column_inner column_padding=&#8221;padding-3-percent&#8221; column_padding_tablet=&#8221;inherit&#8221; column_padding_phone=&#8221;inherit&#8221; column_padding_position=&#8221;top-bottom&#8221; column_element_direction_desktop=&#8221;default&#8221; column_element_spacing=&#8221;default&#8221; desktop_text_alignment=&#8221;default&#8221; tablet_text_alignment=&#8221;default&#8221; phone_text_alignment=&#8221;default&#8221; background_color_opacity=&#8221;1&#8243; background_hover_color_opacity=&#8221;1&#8243; column_backdrop_filter=&#8221;none&#8221; column_shadow=&#8221;none&#8221; column_border_radius=&#8221;none&#8221; column_link_target=&#8221;_self&#8221; overflow=&#8221;visible&#8221; gradient_direction=&#8221;left_to_right&#8221; overlay_strength=&#8221;0.3&#8243; width=&#8221;1\/2&#8243; tablet_width_inherit=&#8221;default&#8221; animation_type=&#8221;default&#8221; enable_animation=&#8221;true&#8221; animation=&#8221;fade-in-from-bottom&#8221; animation_easing=&#8221;default&#8221; bg_image_animation=&#8221;none&#8221; border_type=&#8221;simple&#8221; column_border_width=&#8221;none&#8221; column_border_style=&#8221;solid&#8221; delay=&#8221;100&#8243;][vc_column_text css=&#8221;.vc_custom_1748910054355{padding-right: 10% !important;}&#8221; text_direction=&#8221;default&#8221;]<span style=\"font-weight: 400;\">Falamos ent\u00e3o de la\u00e7os enquanto v\u00ednculos afetivos que se formam com o <\/span><span style=\"font-weight: 400;\">indiv\u00edduo<\/span><span style=\"font-weight: 400;\">, grupo ou <\/span><span style=\"font-weight: 400;\">espa\u00e7o <\/span><span style=\"font-weight: 400;\">ao qual estamos nos relacionando, se dando pela via dos lugares e figuras de poder, estabelecidos atrav\u00e9s das rela\u00e7\u00f5es de poder.<\/span><span style=\"font-weight: 400;\">As experi\u00eancias que levam aos v\u00ednculos afetivos, apesar de ocuparem espa\u00e7o em uma esfera individual, tamb\u00e9m est\u00e3o situadas em uma esfera maior, compartilhada entre grupos sociais que passam por viv\u00eancias similares, como as de opress\u00e3o, viol\u00eancia, privil\u00e9gio, entre outras, que ajudam a definir as posi\u00e7\u00f5es hier\u00e1rquicas existentes dentro das rela\u00e7\u00f5es de poder, dessa forma ajudando a definir as formas de se relacionar.<\/span>[\/vc_column_text][\/vc_column_inner][\/vc_row_inner][\/vc_column][\/vc_row][vc_row type=&#8221;full_width_background&#8221; full_screen_row_position=&#8221;middle&#8221; column_margin=&#8221;default&#8221; equal_height=&#8221;yes&#8221; content_placement=&#8221;middle&#8221; column_direction=&#8221;default&#8221; column_direction_tablet=&#8221;default&#8221; column_direction_phone=&#8221;default&#8221; bg_color=&#8221;#0059ea&#8221; scene_position=&#8221;center&#8221; top_padding=&#8221;8%&#8221; bottom_padding=&#8221;3%&#8221; text_color=&#8221;light&#8221; text_align=&#8221;left&#8221; row_border_radius=&#8221;none&#8221; row_border_radius_applies=&#8221;bg&#8221; overflow=&#8221;visible&#8221; id=&#8221;steps&#8221; row_name=&#8221;Sign Up Steps&#8221; overlay_strength=&#8221;0.3&#8243; gradient_direction=&#8221;left_to_right&#8221; shape_divider_position=&#8221;bottom&#8221; bg_image_animation=&#8221;none&#8221; shape_type=&#8221;&#8221; gradient_type=&#8221;default&#8221;][vc_column column_padding=&#8221;padding-2-percent&#8221; column_padding_tablet=&#8221;inherit&#8221; column_padding_phone=&#8221;inherit&#8221; column_padding_position=&#8221;top-bottom&#8221; column_element_direction_desktop=&#8221;default&#8221; column_element_spacing=&#8221;default&#8221; desktop_text_alignment=&#8221;default&#8221; tablet_text_alignment=&#8221;default&#8221; phone_text_alignment=&#8221;default&#8221; background_color_opacity=&#8221;1&#8243; background_hover_color_opacity=&#8221;1&#8243; column_backdrop_filter=&#8221;none&#8221; column_shadow=&#8221;none&#8221; column_border_radius=&#8221;none&#8221; column_link_target=&#8221;_self&#8221; column_position=&#8221;default&#8221; gradient_direction=&#8221;left_to_right&#8221; overlay_strength=&#8221;0.3&#8243; width=&#8221;1\/1&#8243; tablet_width_inherit=&#8221;default&#8221; animation_type=&#8221;default&#8221; bg_image_animation=&#8221;none&#8221; border_type=&#8221;simple&#8221; column_border_width=&#8221;none&#8221; column_border_style=&#8221;solid&#8221; offset=&#8221;vc_col-xs-12&#8243;][nectar_icon_list animate=&#8221;true&#8221; color=&#8221;default&#8221; direction=&#8221;horizontal&#8221; columns=&#8221;4&#8243; icon_size=&#8221;small&#8221; icon_style=&#8221;border&#8221;][nectar_icon_list_item icon_type=&#8221;numerical&#8221; text_full_html=&#8221;html&#8221; title=&#8221;List Item&#8221; id=&#8221;1748910918684-5&#8243; header=&#8221;Baile de m\u00e1scaras&#8221; tab_id=&#8221;1748910918685-5&#8243;]\n<p><strong>Objetivo: <\/strong>Explorar como crian\u00e7as se expressam ludicamente, usar a criatividade como ferramenta de express\u00e3o f\u00edsica da subjetividade. Envolver a quest\u00e3o do olhar do outro, do ver e ser visto. Como pano de fundo, dialoga com o contexto da pandemia e do uso de m\u00e1scaras respirat\u00f3rias para preven\u00e7\u00e3o da Covid-19.<\/p>\n<a class=\"nectar-button n-sc-button small see-through\"  href=\"https:\/\/1ogro.com\/projects\/degenerauerj\/guia-de-atividades\/baile-de-mascaras\/\" data-color-override=\"false\" data-hover-color-override=\"false\" data-hover-text-color-override=\"#fff\"><span>Ver atividade<\/span><\/a>[\/nectar_icon_list_item][nectar_icon_list_item icon_type=&#8221;numerical&#8221; text_full_html=&#8221;html&#8221; title=&#8221;List Item&#8221; id=&#8221;1748910918707-9&#8243; header=&#8221;Desenho Coletivo&#8221; tab_id=&#8221;1748910918708-4&#8243;]\n<p><strong>Objetivo:<\/strong> Trabalhar as rela\u00e7\u00f5es entre as crian\u00e7as e o sentimento de turma entre eles por meio da coopera\u00e7\u00e3o e entendimento da coletividade por meio de um vi\u00e9s positivo. Construir algo que n\u00e3o seja nomeado com \u201cmeu, seu\u201d, mas sim utilizando o \u201cnosso\u201d sem um personagem principal, podendo desenvolver a atividade para uma reflex\u00e3o sobre conflitos e queixas sobre a turma como um coletivo que funciona junto e com todos.<\/p>\n<a class=\"nectar-button n-sc-button small see-through\"  href=\"https:\/\/1ogro.com\/projects\/degenerauerj\/guia-de-atividades\/desenho-coletivo\" data-color-override=\"false\" data-hover-color-override=\"false\" data-hover-text-color-override=\"#fff\"><span>Ver atividade<\/span><\/a>[\/nectar_icon_list_item][nectar_icon_list_item icon_type=&#8221;numerical&#8221; text_full_html=&#8221;html&#8221; title=&#8221;List Item&#8221; id=&#8221;1748910918717-2&#8243; header=&#8221;Entrevista com Personagens&#8221; tab_id=&#8221;1748910918717-5&#8243;]\n<p><strong>Objetivo:<\/strong> Discutir como determinados estere\u00f3tipos s\u00e3o acionados para alguns personagens; problematizar imagens negativas que s\u00e3o constru\u00eddas socialmente para alguns grupos sociais; dialogar os personagens com as experi\u00eancias de vida das e dos participantes.<\/p>\n<a class=\"nectar-button n-sc-button small see-through\"  href=\"https:\/\/1ogro.com\/projects\/degenerauerj\/guia-de-atividades\/entrevista-com-personagens\" data-color-override=\"false\" data-hover-color-override=\"false\" data-hover-text-color-override=\"#fff\"><span>Ver atividade<\/span><\/a>[\/nectar_icon_list_item][nectar_icon_list_item icon_type=&#8221;numerical&#8221; text_full_html=&#8221;html&#8221; title=&#8221;List Item&#8221; id=&#8221;1748910918728-8&#8243; header=&#8221;Mapa Afetivo&#8221; tab_id=&#8221;1748910918728-3&#8243;]\n<p><strong>Objetivo:<\/strong> Atividade praticada no primeiro dia de oficina, voltada para compreender as din\u00e2micas coletivas da turma e trabalhar essas din\u00e2micas ao fazer esse trabalho num espa\u00e7o coletivo mas que continha particularidades de cada um. Tamb\u00e9m \u00e9 utilizada para entender n\u00e3o s\u00f3 o espa\u00e7o em si, mas suas signific\u00e2ncias, trazendo um entendimento e aproxima\u00e7\u00e3o maior da equipe com a turma.<\/p>\n<a class=\"nectar-button n-sc-button small see-through\"  href=\"https:\/\/1ogro.com\/projects\/degenerauerj\/guia-de-atividades\/mapa-afetivo\" data-color-override=\"false\" data-hover-color-override=\"false\" data-hover-text-color-override=\"#fff\"><span>Ver atividade<\/span><\/a>\n[\/nectar_icon_list_item][nectar_icon_list_item icon_type=&#8221;numerical&#8221; text_full_html=&#8221;html&#8221; title=&#8221;List Item&#8221; id=&#8221;1748910918747-7&#8243; header=&#8221;O livro da escola&#8221; tab_id=&#8221;1748910918748-1&#8243;]\n<p><strong>Objetivo:<\/strong> Reimaginar os espa\u00e7os da escola, ressignificando-os para a escola do imagin\u00e1rio das crian\u00e7as. Confeccionar um livro da \u201cEscola Imaginada\u201d que os alunos criaram.<\/p>\n<a class=\"nectar-button n-sc-button small see-through\"  href=\"https:\/\/1ogro.com\/projects\/degenerauerj\/guia-de-atividades\/o-livro-da-escola\" data-color-override=\"false\" data-hover-color-override=\"false\" data-hover-text-color-override=\"#fff\"><span>Ver atividade<\/span><\/a>[\/nectar_icon_list_item][nectar_icon_list_item icon_type=&#8221;numerical&#8221; text_full_html=&#8221;html&#8221; title=&#8221;List Item&#8221; id=&#8221;1748910918757-6&#8243; header=&#8221;Pessoas e coisas&#8221; tab_id=&#8221;1748910918758-6&#8243;]\n<p><strong>Objetivo:<\/strong> Facilitar o reconhecimento da exist\u00eancia de rela\u00e7\u00f5es de poder e seu impacto sobre as pessoas e seus relacionamentos.<\/p>\n<a class=\"nectar-button n-sc-button small see-through\"  href=\"https:\/\/1ogro.com\/projects\/degenerauerj\/guia-de-atividades\/pessoas-e-coisas\" data-color-override=\"false\" data-hover-color-override=\"false\" data-hover-text-color-override=\"#fff\"><span>Ver atividade<\/span><\/a>[\/nectar_icon_list_item][nectar_icon_list_item icon_type=&#8221;numerical&#8221; text_full_html=&#8221;html&#8221; title=&#8221;List Item&#8221; id=&#8221;1748910918776-4&#8243; header=&#8221;Sentidos de Escola&#8221; tab_id=&#8221;1748910918777-10&#8243;]\n<p><strong>Objetivo:<\/strong> Trabalhar a experi\u00eancia de estar na escola, a partir de diferentes ideias e sentidos dados por participantes. Pode ser feita para pensar situa\u00e7\u00f5es distintas de ensino-aprendizagem.<\/p>\n<a class=\"nectar-button n-sc-button small see-through\"  href=\"https:\/\/1ogro.com\/projects\/degenerauerj\/guia-de-atividades\/sentidos-de-escola\" data-color-override=\"false\" data-hover-color-override=\"false\" data-hover-text-color-override=\"#fff\"><span>Ver atividade<\/span><\/a>[\/nectar_icon_list_item][nectar_icon_list_item icon_type=&#8221;numerical&#8221; text_full_html=&#8221;html&#8221; title=&#8221;List Item&#8221; id=&#8221;1748910918796-5&#8243; header=&#8221;Teatro de Bonecos&#8221; tab_id=&#8221;1748910918797-0&#8243;]\n<p><strong>Objetivo:<\/strong> Trabalhar as rela\u00e7\u00f5es e intera\u00e7\u00f5es que acontecem na escola, tanto entre estudantes como com figuras de autoridade: diretoras, professoras, inspetoras, etc. Desenvolver e refletir com os alunos como eles v\u00eaem os conv\u00edvios escolares.<\/p>\n<a class=\"nectar-button n-sc-button small see-through\"  href=\"https:\/\/1ogro.com\/projects\/degenerauerj\/guia-de-atividades\/teatro-de-bonecos\" data-color-override=\"false\" data-hover-color-override=\"false\" data-hover-text-color-override=\"#fff\"><span>Ver atividade<\/span><\/a>[\/nectar_icon_list_item][nectar_icon_list_item icon_type=&#8221;numerical&#8221; text_full_html=&#8221;html&#8221; title=&#8221;List Item&#8221; id=&#8221;1748910918807-9&#8243; header=&#8221;Teatro de Sentimentos&#8221; tab_id=&#8221;1748910918807-10&#8243;]\n<p><strong>Objetivo:<\/strong> trabalhar a expressividade dos sentimentos, circunscritas do contexto escolar, pensando em formas de elabora\u00e7\u00e3o poss\u00edveis dos mesmos, seus sentidos e caminhos, a partir das interven\u00e7\u00f5es nos fins das hist\u00f3rias.<\/p>\n<a class=\"nectar-button n-sc-button small see-through\"  href=\"https:\/\/1ogro.com\/projects\/degenerauerj\/guia-de-atividades\/teatro-de-sentimentos\" data-color-override=\"false\" data-hover-color-override=\"false\" data-hover-text-color-override=\"#fff\"><span>Ver atividade<\/span><\/a>[\/nectar_icon_list_item][nectar_icon_list_item icon_type=&#8221;numerical&#8221; text_full_html=&#8221;html&#8221; title=&#8221;List Item&#8221; id=&#8221;1748910918817-0&#8243; header=&#8221;Situa\u00e7\u00f5es&#8221; tab_id=&#8221;1748910918818-3&#8243;]\n<p>Objetivo: Lorem ipsum dolor sit amet.<\/p>\n<a class=\"nectar-button n-sc-button small see-through\"  href=\"https:\/\/1ogro.com\/projects\/degenerauerj\/guia-de-atividades\/situacoes\" data-color-override=\"false\" data-hover-color-override=\"false\" data-hover-text-color-override=\"#fff\"><span>Ver atividade<\/span><\/a>[\/nectar_icon_list_item][\/nectar_icon_list][\/vc_column][\/vc_row]\n","protected":false},"excerpt":{"rendered":"<p>[vc_row type=&#8221;full_width_background&#8221; full_screen_row_position=&#8221;middle&#8221; column_margin=&#8221;default&#8221; column_direction=&#8221;default&#8221; column_direction_tablet=&#8221;default&#8221; column_direction_phone=&#8221;default&#8221; scene_position=&#8221;center&#8221; top_padding=&#8221;8%&#8221; bottom_padding=&#8221;7%&#8221; text_color=&#8221;dark&#8221; text_align=&#8221;left&#8221; row_border_radius=&#8221;none&#8221; row_border_radius_applies=&#8221;bg&#8221; overflow=&#8221;visible&#8221; id=&#8221;about-text&#8221; overlay_strength=&#8221;1&#8243; gradient_direction=&#8221;left_to_right&#8221; shape_divider_position=&#8221;bottom&#8221; bg_image_animation=&#8221;none&#8221; shape_type=&#8221;&#8221; gradient_type=&#8221;default&#8221;][vc_column column_padding=&#8221;no-extra-padding&#8221; column_padding_tablet=&#8221;inherit&#8221; column_padding_phone=&#8221;inherit&#8221;&#8230;<\/p>\n","protected":false},"author":1,"featured_media":0,"parent":0,"menu_order":0,"comment_status":"closed","ping_status":"closed","template":"","meta":{"inline_featured_image":false,"footnotes":""},"class_list":["post-6129","page","type-page","status-publish"],"_links":{"self":[{"href":"https:\/\/1ogro.com\/projects\/degenerauerj\/wp-json\/wp\/v2\/pages\/6129","targetHints":{"allow":["GET"]}}],"collection":[{"href":"https:\/\/1ogro.com\/projects\/degenerauerj\/wp-json\/wp\/v2\/pages"}],"about":[{"href":"https:\/\/1ogro.com\/projects\/degenerauerj\/wp-json\/wp\/v2\/types\/page"}],"author":[{"embeddable":true,"href":"https:\/\/1ogro.com\/projects\/degenerauerj\/wp-json\/wp\/v2\/users\/1"}],"replies":[{"embeddable":true,"href":"https:\/\/1ogro.com\/projects\/degenerauerj\/wp-json\/wp\/v2\/comments?post=6129"}],"version-history":[{"count":3,"href":"https:\/\/1ogro.com\/projects\/degenerauerj\/wp-json\/wp\/v2\/pages\/6129\/revisions"}],"predecessor-version":[{"id":6134,"href":"https:\/\/1ogro.com\/projects\/degenerauerj\/wp-json\/wp\/v2\/pages\/6129\/revisions\/6134"}],"wp:attachment":[{"href":"https:\/\/1ogro.com\/projects\/degenerauerj\/wp-json\/wp\/v2\/media?parent=6129"}],"curies":[{"name":"wp","href":"https:\/\/api.w.org\/{rel}","templated":true}]}}