{"id":6145,"date":"2025-06-02T21:56:04","date_gmt":"2025-06-03T00:56:04","guid":{"rendered":"https:\/\/1ogro.com\/projects\/degenerauerj\/?page_id=6145"},"modified":"2025-06-02T21:56:04","modified_gmt":"2025-06-03T00:56:04","slug":"trajetoria","status":"publish","type":"page","link":"https:\/\/1ogro.com\/projects\/degenerauerj\/trajetoria\/","title":{"rendered":"Trajet\u00f3ria"},"content":{"rendered":"[vc_row type=&#8221;full_width_background&#8221; full_screen_row_position=&#8221;middle&#8221; column_margin=&#8221;default&#8221; column_direction=&#8221;default&#8221; column_direction_tablet=&#8221;default&#8221; column_direction_phone=&#8221;default&#8221; scene_position=&#8221;center&#8221; top_padding=&#8221;8%&#8221; bottom_padding=&#8221;7%&#8221; text_color=&#8221;dark&#8221; text_align=&#8221;left&#8221; row_border_radius=&#8221;none&#8221; row_border_radius_applies=&#8221;bg&#8221; overflow=&#8221;visible&#8221; id=&#8221;about-text&#8221; overlay_strength=&#8221;1&#8243; gradient_direction=&#8221;left_to_right&#8221; shape_divider_position=&#8221;bottom&#8221; bg_image_animation=&#8221;none&#8221; shape_type=&#8221;&#8221; gradient_type=&#8221;default&#8221;][vc_column column_padding=&#8221;no-extra-padding&#8221; column_padding_tablet=&#8221;inherit&#8221; column_padding_phone=&#8221;inherit&#8221; column_padding_position=&#8221;all&#8221; column_element_direction_desktop=&#8221;default&#8221; column_element_spacing=&#8221;default&#8221; desktop_text_alignment=&#8221;default&#8221; tablet_text_alignment=&#8221;default&#8221; phone_text_alignment=&#8221;default&#8221; background_color_opacity=&#8221;1&#8243; background_hover_color_opacity=&#8221;1&#8243; column_backdrop_filter=&#8221;none&#8221; column_shadow=&#8221;none&#8221; column_border_radius=&#8221;none&#8221; column_link_target=&#8221;_self&#8221; column_position=&#8221;default&#8221; gradient_direction=&#8221;left_to_right&#8221; overlay_strength=&#8221;0.3&#8243; width=&#8221;1\/1&#8243; tablet_width_inherit=&#8221;default&#8221; animation_type=&#8221;default&#8221; enable_animation=&#8221;true&#8221; animation=&#8221;fade-in-from-bottom&#8221; animation_easing=&#8221;default&#8221; bg_image_animation=&#8221;none&#8221; border_type=&#8221;simple&#8221; column_border_width=&#8221;none&#8221; column_border_style=&#8221;solid&#8221;][nectar_highlighted_text color_type=&#8221;regular&#8221; highlight_color=&#8221;#a32c2c&#8221; style=&#8221;half_text&#8221; text_direction=&#8221;default&#8221;]\n<h2><em>Trajet\u00f3ria<\/em><\/h2>\n[\/nectar_highlighted_text][vc_column_text css=&#8221;&#8221; text_direction=&#8221;default&#8221;]\n<h2>Entendemos que a no\u00e7\u00e3o de Trajet\u00f3ria est\u00e1 ligada \u00e0s significa\u00e7\u00f5es que as crian\u00e7as fazem ao seu cotidiano, revelando a presen\u00e7a de um corpo implicado nesses cen\u00e1rios.<\/h2>\n[\/vc_column_text][vc_row_inner column_margin=&#8221;default&#8221; column_direction=&#8221;default&#8221; column_direction_tablet=&#8221;default&#8221; column_direction_phone=&#8221;default&#8221; text_align=&#8221;left&#8221; row_position=&#8221;default&#8221; row_position_tablet=&#8221;inherit&#8221; row_position_phone=&#8221;inherit&#8221; overflow=&#8221;visible&#8221; pointer_events=&#8221;all&#8221;][vc_column_inner column_padding=&#8221;padding-3-percent&#8221; column_padding_tablet=&#8221;inherit&#8221; column_padding_phone=&#8221;inherit&#8221; column_padding_position=&#8221;top-bottom&#8221; column_element_direction_desktop=&#8221;default&#8221; column_element_spacing=&#8221;default&#8221; desktop_text_alignment=&#8221;default&#8221; tablet_text_alignment=&#8221;default&#8221; phone_text_alignment=&#8221;default&#8221; background_color_opacity=&#8221;1&#8243; background_hover_color_opacity=&#8221;1&#8243; column_backdrop_filter=&#8221;none&#8221; column_shadow=&#8221;none&#8221; column_border_radius=&#8221;none&#8221; column_link_target=&#8221;_self&#8221; overflow=&#8221;visible&#8221; gradient_direction=&#8221;left_to_right&#8221; overlay_strength=&#8221;0.3&#8243; width=&#8221;1\/2&#8243; tablet_width_inherit=&#8221;default&#8221; animation_type=&#8221;default&#8221; enable_animation=&#8221;true&#8221; animation=&#8221;fade-in-from-bottom&#8221; animation_easing=&#8221;default&#8221; bg_image_animation=&#8221;none&#8221; border_type=&#8221;simple&#8221; column_border_width=&#8221;none&#8221; column_border_style=&#8221;solid&#8221;][vc_column_text css=&#8221;.vc_custom_1748912084349{padding-right: 10% !important;}&#8221; text_direction=&#8221;default&#8221;]<span style=\"font-weight: 400;\">As rela\u00e7\u00f5es intersubjetivas s\u00e3o frequentemente trazidas para esse campo, mostrando, assim, que os v\u00ednculos estabelecidos na inf\u00e2ncia e na adolesc\u00eancia permitem a constru\u00e7\u00e3o de um pertencimento associado aos lugares e pessoas presentes em tais narrativas. \u00c9 nesse sentido que os elos criados colaboram para o estabelecimento de um espa\u00e7o da temporalidade, que pode ser de uma ordem cronol\u00f3gica, mas tamb\u00e9m do campo processual n\u00e3o sequencial, uma vez que a presen\u00e7a constante de lugares e pessoas auxilia na no\u00e7\u00e3o de tempo e rotina. Al\u00e9m disso, \u00e9 percept\u00edvel, que a realidade de cada crian\u00e7a est\u00e1 muito presente, uma vez que, cada estudante fala de sua trajet\u00f3ria a partir de suas experi\u00eancias. Os sentidos atribu\u00eddos a espa\u00e7os, pessoas, rela\u00e7\u00f5es e situa\u00e7\u00f5es s\u00e3o dados a partir de um contexto, que est\u00e1 estritamente ligado a quest\u00f5es socioecon\u00f4micas, geogr\u00e1ficas e culturais.<\/span>[\/vc_column_text][\/vc_column_inner][vc_column_inner column_padding=&#8221;padding-3-percent&#8221; column_padding_tablet=&#8221;inherit&#8221; column_padding_phone=&#8221;inherit&#8221; column_padding_position=&#8221;top-bottom&#8221; column_element_direction_desktop=&#8221;default&#8221; column_element_spacing=&#8221;default&#8221; desktop_text_alignment=&#8221;default&#8221; tablet_text_alignment=&#8221;default&#8221; phone_text_alignment=&#8221;default&#8221; background_color_opacity=&#8221;1&#8243; background_hover_color_opacity=&#8221;1&#8243; column_backdrop_filter=&#8221;none&#8221; column_shadow=&#8221;none&#8221; column_border_radius=&#8221;none&#8221; column_link_target=&#8221;_self&#8221; overflow=&#8221;visible&#8221; gradient_direction=&#8221;left_to_right&#8221; overlay_strength=&#8221;0.3&#8243; width=&#8221;1\/2&#8243; tablet_width_inherit=&#8221;default&#8221; animation_type=&#8221;default&#8221; enable_animation=&#8221;true&#8221; animation=&#8221;fade-in-from-bottom&#8221; animation_easing=&#8221;default&#8221; bg_image_animation=&#8221;none&#8221; border_type=&#8221;simple&#8221; column_border_width=&#8221;none&#8221; column_border_style=&#8221;solid&#8221; delay=&#8221;100&#8243;][vc_column_text css=&#8221;.vc_custom_1748912095300{padding-right: 10% !important;}&#8221; text_direction=&#8221;default&#8221;]<span style=\"font-weight: 400;\">\u00c9 importante dizer que ao falar sobre trajet\u00f3ria tamb\u00e9m estamos falando sobre mem\u00f3ria, e falar sobre mem\u00f3ria contribui para a reflex\u00e3o de como as crian\u00e7as participantes est\u00e3o percebendo suas viv\u00eancias de forma individual e coletiva. Dessa forma, observou-se em algumas atividades que Trajet\u00f3ria \u00e9 tudo aquilo que, de forma processual, fala a partir de experi\u00eancias subjetivas, vinda de um contexto espec\u00edfico, fomentada por elos entre sujeitos, lugares e acontecimentos, que comumente, est\u00e1 conectado a id\u00e9ia de temporalidade (n\u00e3o necessariamente linear), recebendo significados a partir da percep\u00e7\u00e3o de cada crian\u00e7a.<\/span>[\/vc_column_text][\/vc_column_inner][\/vc_row_inner][\/vc_column][\/vc_row][vc_row type=&#8221;full_width_background&#8221; full_screen_row_position=&#8221;middle&#8221; column_margin=&#8221;default&#8221; equal_height=&#8221;yes&#8221; content_placement=&#8221;middle&#8221; column_direction=&#8221;default&#8221; column_direction_tablet=&#8221;default&#8221; column_direction_phone=&#8221;default&#8221; bg_color=&#8221;#a32c2c&#8221; scene_position=&#8221;center&#8221; top_padding=&#8221;8%&#8221; bottom_padding=&#8221;3%&#8221; text_color=&#8221;light&#8221; text_align=&#8221;left&#8221; row_border_radius=&#8221;none&#8221; row_border_radius_applies=&#8221;bg&#8221; overflow=&#8221;visible&#8221; id=&#8221;steps&#8221; row_name=&#8221;Sign Up Steps&#8221; overlay_strength=&#8221;0.3&#8243; gradient_direction=&#8221;left_to_right&#8221; shape_divider_position=&#8221;bottom&#8221; bg_image_animation=&#8221;none&#8221; shape_type=&#8221;&#8221; gradient_type=&#8221;default&#8221;][vc_column column_padding=&#8221;padding-2-percent&#8221; column_padding_tablet=&#8221;inherit&#8221; column_padding_phone=&#8221;inherit&#8221; column_padding_position=&#8221;top-bottom&#8221; column_element_direction_desktop=&#8221;default&#8221; column_element_spacing=&#8221;default&#8221; desktop_text_alignment=&#8221;default&#8221; tablet_text_alignment=&#8221;default&#8221; phone_text_alignment=&#8221;default&#8221; background_color_opacity=&#8221;1&#8243; background_hover_color_opacity=&#8221;1&#8243; column_backdrop_filter=&#8221;none&#8221; column_shadow=&#8221;none&#8221; column_border_radius=&#8221;none&#8221; column_link_target=&#8221;_self&#8221; column_position=&#8221;default&#8221; gradient_direction=&#8221;left_to_right&#8221; overlay_strength=&#8221;0.3&#8243; width=&#8221;1\/1&#8243; tablet_width_inherit=&#8221;default&#8221; animation_type=&#8221;default&#8221; bg_image_animation=&#8221;none&#8221; border_type=&#8221;simple&#8221; column_border_width=&#8221;none&#8221; column_border_style=&#8221;solid&#8221; offset=&#8221;vc_col-xs-12&#8243;][nectar_icon_list animate=&#8221;true&#8221; color=&#8221;default&#8221; direction=&#8221;horizontal&#8221; columns=&#8221;4&#8243; icon_size=&#8221;small&#8221; icon_style=&#8221;border&#8221;][nectar_icon_list_item icon_type=&#8221;numerical&#8221; text_full_html=&#8221;html&#8221; title=&#8221;List Item&#8221; id=&#8221;1748912117959-4&#8243; header=&#8221;Rio da Vida&#8221; tab_id=&#8221;1748912117960-4&#8243;]\n<p><strong>Objetivo: <\/strong>Pensar a pr\u00f3pria trajet\u00f3ria, dando a ela contornos narrativos que permitam que cada um\/uma expressem sua individualidade, sentimentos, desejos, medos, entre outros &#8211; dimens\u00f5es estas t\u00e3o reiteradamente afastadas do universo escolar.<\/p>\n<a class=\"nectar-button n-sc-button small see-through\"  href=\"https:\/\/1ogro.com\/projects\/degenerauerj\/guia-de-atividades\/rio-da-vida\/\" data-color-override=\"false\" data-hover-color-override=\"false\" data-hover-text-color-override=\"#fff\"><span>Ver atividade<\/span><\/a>[\/nectar_icon_list_item][nectar_icon_list_item icon_type=&#8221;numerical&#8221; text_full_html=&#8221;html&#8221; title=&#8221;List Item&#8221; id=&#8221;1748912118006-10&#8243; header=&#8221;Entrevista com Personagens&#8221; tab_id=&#8221;1748912118007-10&#8243;]\n<p><strong>Objetivo:<\/strong> Discutir como determinados estere\u00f3tipos s\u00e3o acionados para alguns personagens; problematizar imagens negativas que s\u00e3o constru\u00eddas socialmente para alguns grupos sociais; dialogar os personagens com as experi\u00eancias de vida das e dos participantes.<\/p>\n<a class=\"nectar-button n-sc-button small see-through\"  href=\"https:\/\/1ogro.com\/projects\/degenerauerj\/guia-de-atividades\/entrevista-com-personagens\" data-color-override=\"false\" data-hover-color-override=\"false\" data-hover-text-color-override=\"#fff\"><span>Ver atividade<\/span><\/a>[\/nectar_icon_list_item][nectar_icon_list_item icon_type=&#8221;numerical&#8221; text_full_html=&#8221;html&#8221; title=&#8221;List Item&#8221; id=&#8221;1748912118025-5&#8243; header=&#8221;M\u00e1quina do Tempo&#8221; tab_id=&#8221;1748912118026-2&#8243;]\n<p><strong>Objetivo:<\/strong> Enviar uma mensagem para si mesmo\/a em um futuro pr\u00f3ximo, estimulando a pensar sobre poss\u00edveis cen\u00e1rios, situa\u00e7\u00f5es vividas, conectando o momento presente com o futuro imaginado.<\/p>\n<a class=\"nectar-button n-sc-button small see-through\"  href=\"https:\/\/1ogro.com\/projects\/degenerauerj\/guia-de-atividades\/maquina-do-tempo\" data-color-override=\"false\" data-hover-color-override=\"false\" data-hover-text-color-override=\"#fff\"><span>Ver atividade<\/span><\/a>[\/nectar_icon_list_item][nectar_icon_list_item icon_type=&#8221;numerical&#8221; text_full_html=&#8221;html&#8221; title=&#8221;List Item&#8221; id=&#8221;1748912118040-10&#8243; header=&#8221;Um dia na escola&#8221; tab_id=&#8221;1748912118041-4&#8243;]\n<p><strong>Objetivo:<\/strong> A atividade visa ouvir e refletir sobre a rotina dos participantes na escola e seus atravessamentos.<\/p>\n<a class=\"nectar-button n-sc-button small see-through\"  href=\"https:\/\/1ogro.com\/projects\/degenerauerj\/guia-de-atividades\/um-dia-na-escola\" data-color-override=\"false\" data-hover-color-override=\"false\" data-hover-text-color-override=\"#fff\"><span>Ver atividade<\/span><\/a>[\/nectar_icon_list_item][\/nectar_icon_list][\/vc_column][\/vc_row]\n","protected":false},"excerpt":{"rendered":"<p>[vc_row type=&#8221;full_width_background&#8221; full_screen_row_position=&#8221;middle&#8221; column_margin=&#8221;default&#8221; column_direction=&#8221;default&#8221; column_direction_tablet=&#8221;default&#8221; column_direction_phone=&#8221;default&#8221; scene_position=&#8221;center&#8221; top_padding=&#8221;8%&#8221; bottom_padding=&#8221;7%&#8221; text_color=&#8221;dark&#8221; text_align=&#8221;left&#8221; row_border_radius=&#8221;none&#8221; row_border_radius_applies=&#8221;bg&#8221; overflow=&#8221;visible&#8221; id=&#8221;about-text&#8221; overlay_strength=&#8221;1&#8243; gradient_direction=&#8221;left_to_right&#8221; shape_divider_position=&#8221;bottom&#8221; bg_image_animation=&#8221;none&#8221; shape_type=&#8221;&#8221; gradient_type=&#8221;default&#8221;][vc_column column_padding=&#8221;no-extra-padding&#8221; column_padding_tablet=&#8221;inherit&#8221; column_padding_phone=&#8221;inherit&#8221;&#8230;<\/p>\n","protected":false},"author":1,"featured_media":0,"parent":0,"menu_order":0,"comment_status":"closed","ping_status":"closed","template":"","meta":{"inline_featured_image":false,"footnotes":""},"class_list":["post-6145","page","type-page","status-publish"],"_links":{"self":[{"href":"https:\/\/1ogro.com\/projects\/degenerauerj\/wp-json\/wp\/v2\/pages\/6145","targetHints":{"allow":["GET"]}}],"collection":[{"href":"https:\/\/1ogro.com\/projects\/degenerauerj\/wp-json\/wp\/v2\/pages"}],"about":[{"href":"https:\/\/1ogro.com\/projects\/degenerauerj\/wp-json\/wp\/v2\/types\/page"}],"author":[{"embeddable":true,"href":"https:\/\/1ogro.com\/projects\/degenerauerj\/wp-json\/wp\/v2\/users\/1"}],"replies":[{"embeddable":true,"href":"https:\/\/1ogro.com\/projects\/degenerauerj\/wp-json\/wp\/v2\/comments?post=6145"}],"version-history":[{"count":2,"href":"https:\/\/1ogro.com\/projects\/degenerauerj\/wp-json\/wp\/v2\/pages\/6145\/revisions"}],"predecessor-version":[{"id":6147,"href":"https:\/\/1ogro.com\/projects\/degenerauerj\/wp-json\/wp\/v2\/pages\/6145\/revisions\/6147"}],"wp:attachment":[{"href":"https:\/\/1ogro.com\/projects\/degenerauerj\/wp-json\/wp\/v2\/media?parent=6145"}],"curies":[{"name":"wp","href":"https:\/\/api.w.org\/{rel}","templated":true}]}}