{"id":6151,"date":"2025-06-02T22:05:43","date_gmt":"2025-06-03T01:05:43","guid":{"rendered":"https:\/\/1ogro.com\/projects\/degenerauerj\/?page_id=6151"},"modified":"2025-06-02T22:05:43","modified_gmt":"2025-06-03T01:05:43","slug":"violencia","status":"publish","type":"page","link":"https:\/\/1ogro.com\/projects\/degenerauerj\/violencia\/","title":{"rendered":"Viol\u00eancia"},"content":{"rendered":"[vc_row type=&#8221;full_width_background&#8221; full_screen_row_position=&#8221;middle&#8221; column_margin=&#8221;default&#8221; column_direction=&#8221;default&#8221; column_direction_tablet=&#8221;default&#8221; column_direction_phone=&#8221;default&#8221; scene_position=&#8221;center&#8221; top_padding=&#8221;8%&#8221; bottom_padding=&#8221;7%&#8221; text_color=&#8221;dark&#8221; text_align=&#8221;left&#8221; row_border_radius=&#8221;none&#8221; row_border_radius_applies=&#8221;bg&#8221; overflow=&#8221;visible&#8221; id=&#8221;about-text&#8221; overlay_strength=&#8221;1&#8243; gradient_direction=&#8221;left_to_right&#8221; shape_divider_position=&#8221;bottom&#8221; bg_image_animation=&#8221;none&#8221; shape_type=&#8221;&#8221; gradient_type=&#8221;default&#8221;][vc_column column_padding=&#8221;no-extra-padding&#8221; column_padding_tablet=&#8221;inherit&#8221; column_padding_phone=&#8221;inherit&#8221; column_padding_position=&#8221;all&#8221; column_element_direction_desktop=&#8221;default&#8221; column_element_spacing=&#8221;default&#8221; desktop_text_alignment=&#8221;default&#8221; tablet_text_alignment=&#8221;default&#8221; phone_text_alignment=&#8221;default&#8221; background_color_opacity=&#8221;1&#8243; background_hover_color_opacity=&#8221;1&#8243; column_backdrop_filter=&#8221;none&#8221; column_shadow=&#8221;none&#8221; column_border_radius=&#8221;none&#8221; column_link_target=&#8221;_self&#8221; column_position=&#8221;default&#8221; gradient_direction=&#8221;left_to_right&#8221; overlay_strength=&#8221;0.3&#8243; width=&#8221;1\/1&#8243; tablet_width_inherit=&#8221;default&#8221; animation_type=&#8221;default&#8221; enable_animation=&#8221;true&#8221; animation=&#8221;fade-in-from-bottom&#8221; animation_easing=&#8221;default&#8221; bg_image_animation=&#8221;none&#8221; border_type=&#8221;simple&#8221; column_border_width=&#8221;none&#8221; column_border_style=&#8221;solid&#8221;][nectar_highlighted_text color_type=&#8221;regular&#8221; highlight_color=&#8221;#c53e28&#8243; style=&#8221;half_text&#8221; text_direction=&#8221;default&#8221;]\n<h2><em>Viol\u00eancia<\/em><\/h2>\n[\/nectar_highlighted_text][vc_column_text css=&#8221;&#8221; text_direction=&#8221;default&#8221;]\n<h2>A viol\u00eancia nas escolas \u00e9 um tema complexo que se manifesta de v\u00e1rias formas e as afeta profundamente.<\/h2>\n[\/vc_column_text][vc_row_inner column_margin=&#8221;default&#8221; column_direction=&#8221;default&#8221; column_direction_tablet=&#8221;default&#8221; column_direction_phone=&#8221;default&#8221; text_align=&#8221;left&#8221; row_position=&#8221;default&#8221; row_position_tablet=&#8221;inherit&#8221; row_position_phone=&#8221;inherit&#8221; overflow=&#8221;visible&#8221; pointer_events=&#8221;all&#8221;][vc_column_inner column_padding=&#8221;padding-3-percent&#8221; column_padding_tablet=&#8221;inherit&#8221; column_padding_phone=&#8221;inherit&#8221; column_padding_position=&#8221;top-bottom&#8221; column_element_direction_desktop=&#8221;default&#8221; column_element_spacing=&#8221;default&#8221; desktop_text_alignment=&#8221;default&#8221; tablet_text_alignment=&#8221;default&#8221; phone_text_alignment=&#8221;default&#8221; background_color_opacity=&#8221;1&#8243; background_hover_color_opacity=&#8221;1&#8243; column_backdrop_filter=&#8221;none&#8221; column_shadow=&#8221;none&#8221; column_border_radius=&#8221;none&#8221; column_link_target=&#8221;_self&#8221; overflow=&#8221;visible&#8221; gradient_direction=&#8221;left_to_right&#8221; overlay_strength=&#8221;0.3&#8243; width=&#8221;1\/2&#8243; tablet_width_inherit=&#8221;default&#8221; animation_type=&#8221;default&#8221; enable_animation=&#8221;true&#8221; animation=&#8221;fade-in-from-bottom&#8221; animation_easing=&#8221;default&#8221; bg_image_animation=&#8221;none&#8221; border_type=&#8221;simple&#8221; column_border_width=&#8221;none&#8221; column_border_style=&#8221;solid&#8221;][vc_column_text css=&#8221;.vc_custom_1748912722112{padding-right: 10% !important;}&#8221; text_direction=&#8221;default&#8221;]<span style=\"font-weight: 400;\">Se, por um lado, crian\u00e7as e adolescentes vivenciam diverg\u00eancias e rela\u00e7\u00f5es de poder entre estudantes e com os adultos na escola, por outro, h\u00e1 palavras e a\u00e7\u00f5es que ultrapassam limites f\u00edsicos e emocionais das pessoas com quem convivemos. Nesse contexto, destacamos a import\u00e2ncia de se reconhecer e valorizar as experi\u00eancias de cada pessoa. Al\u00e9m disso, \u00e9 preciso abrir espa\u00e7o para que viol\u00eancias como as <\/span><span style=\"font-weight: 400;\">desigualdades de g\u00eanero, ra\u00e7a, classe<\/span><span style=\"font-weight: 400;\">, entre tantas outras diferen\u00e7as socialmente marcadas por hierarquiza\u00e7\u00f5es, possam ser conversadas e problematizadas com estudantes, docentes e equipe escolar, pois tamb\u00e9m dizem respeito \u00e0s pessoas que comp\u00f5em a escola.<\/span>[\/vc_column_text][\/vc_column_inner][vc_column_inner column_padding=&#8221;padding-3-percent&#8221; column_padding_tablet=&#8221;inherit&#8221; column_padding_phone=&#8221;inherit&#8221; column_padding_position=&#8221;top-bottom&#8221; column_element_direction_desktop=&#8221;default&#8221; column_element_spacing=&#8221;default&#8221; desktop_text_alignment=&#8221;default&#8221; tablet_text_alignment=&#8221;default&#8221; phone_text_alignment=&#8221;default&#8221; background_color_opacity=&#8221;1&#8243; background_hover_color_opacity=&#8221;1&#8243; column_backdrop_filter=&#8221;none&#8221; column_shadow=&#8221;none&#8221; column_border_radius=&#8221;none&#8221; column_link_target=&#8221;_self&#8221; overflow=&#8221;visible&#8221; gradient_direction=&#8221;left_to_right&#8221; overlay_strength=&#8221;0.3&#8243; width=&#8221;1\/2&#8243; tablet_width_inherit=&#8221;default&#8221; animation_type=&#8221;default&#8221; enable_animation=&#8221;true&#8221; animation=&#8221;fade-in-from-bottom&#8221; animation_easing=&#8221;default&#8221; bg_image_animation=&#8221;none&#8221; border_type=&#8221;simple&#8221; column_border_width=&#8221;none&#8221; column_border_style=&#8221;solid&#8221; delay=&#8221;100&#8243;][vc_column_text css=&#8221;.vc_custom_1748912729837{padding-right: 10% !important;}&#8221; text_direction=&#8221;default&#8221;]<span style=\"font-weight: 400;\">Essa \u00e9 uma aposta na constru\u00e7\u00e3o de rela\u00e7\u00f5es em que, independentemente de diferen\u00e7as, modos de ser e sentir, as pessoas sejam vistas e consideradas em sua humanidade e n\u00e3o como objetos. Esse tema \u00e9 trabalhado em algumas atividades que abordam diferentes formas com que as rela\u00e7\u00f5es sociais podem ser atravessadas por <\/span><span style=\"font-weight: 400;\">express\u00f5es de viol\u00eancia<\/span><span style=\"font-weight: 400;\">, seja entre as pessoas, na pr\u00f3pria institui\u00e7\u00e3o escolar ou na sociedade.<\/span>[\/vc_column_text][\/vc_column_inner][\/vc_row_inner][\/vc_column][\/vc_row][vc_row type=&#8221;full_width_background&#8221; full_screen_row_position=&#8221;middle&#8221; column_margin=&#8221;default&#8221; equal_height=&#8221;yes&#8221; content_placement=&#8221;middle&#8221; column_direction=&#8221;default&#8221; column_direction_tablet=&#8221;default&#8221; column_direction_phone=&#8221;default&#8221; bg_color=&#8221;#c53e28&#8243; scene_position=&#8221;center&#8221; top_padding=&#8221;8%&#8221; bottom_padding=&#8221;3%&#8221; text_color=&#8221;light&#8221; text_align=&#8221;left&#8221; row_border_radius=&#8221;none&#8221; row_border_radius_applies=&#8221;bg&#8221; overflow=&#8221;visible&#8221; id=&#8221;steps&#8221; row_name=&#8221;Sign Up Steps&#8221; overlay_strength=&#8221;0.3&#8243; gradient_direction=&#8221;left_to_right&#8221; shape_divider_position=&#8221;bottom&#8221; bg_image_animation=&#8221;none&#8221; shape_type=&#8221;&#8221; gradient_type=&#8221;default&#8221;][vc_column column_padding=&#8221;padding-2-percent&#8221; column_padding_tablet=&#8221;inherit&#8221; column_padding_phone=&#8221;inherit&#8221; column_padding_position=&#8221;top-bottom&#8221; column_element_direction_desktop=&#8221;default&#8221; column_element_spacing=&#8221;default&#8221; desktop_text_alignment=&#8221;default&#8221; tablet_text_alignment=&#8221;default&#8221; phone_text_alignment=&#8221;default&#8221; background_color_opacity=&#8221;1&#8243; background_hover_color_opacity=&#8221;1&#8243; column_backdrop_filter=&#8221;none&#8221; column_shadow=&#8221;none&#8221; column_border_radius=&#8221;none&#8221; column_link_target=&#8221;_self&#8221; column_position=&#8221;default&#8221; gradient_direction=&#8221;left_to_right&#8221; overlay_strength=&#8221;0.3&#8243; width=&#8221;1\/1&#8243; tablet_width_inherit=&#8221;default&#8221; animation_type=&#8221;default&#8221; bg_image_animation=&#8221;none&#8221; border_type=&#8221;simple&#8221; column_border_width=&#8221;none&#8221; column_border_style=&#8221;solid&#8221; offset=&#8221;vc_col-xs-12&#8243;][nectar_icon_list animate=&#8221;true&#8221; color=&#8221;default&#8221; direction=&#8221;horizontal&#8221; columns=&#8221;3&#8243; icon_size=&#8221;small&#8221; icon_style=&#8221;border&#8221;][nectar_icon_list_item icon_type=&#8221;numerical&#8221; text_full_html=&#8221;html&#8221; title=&#8221;List Item&#8221; id=&#8221;1748912737750-8&#8243; header=&#8221;Preparando um guaran\u00e1 natural&#8221; tab_id=&#8221;1748912737751-5&#8243;]\n<p><strong>Objetivo: <\/strong>PDiscutir com a turma a import\u00e2ncia do consentimento nas rela\u00e7\u00f5es, considerando as rela\u00e7\u00f5es de amizade e afetivo-sexuais. Debater sobre a viol\u00eancia nas quest\u00f5es de g\u00eanero, o direito ao pr\u00f3prio corpo, a import\u00e2ncia do di\u00e1logo nos relacionamentos; trabalhar vulnerabilidades e a escuta.<\/p>\n<a class=\"nectar-button n-sc-button small see-through\"  href=\"https:\/\/1ogro.com\/projects\/degenerauerj\/guia-de-atividades\/preparando-um-guarana-natural\/\" data-color-override=\"false\" data-hover-color-override=\"false\" data-hover-text-color-override=\"#fff\"><span>Ver atividade<\/span><\/a>[\/nectar_icon_list_item][nectar_icon_list_item icon_type=&#8221;numerical&#8221; text_full_html=&#8221;html&#8221; title=&#8221;List Item&#8221; id=&#8221;1748912737804-5&#8243; header=&#8221;Pessoas e coisas&#8221; tab_id=&#8221;1748912737806-3&#8243;]\n<p><strong>Objetivo:<\/strong> Facilitar o reconhecimento da exist\u00eancia de rela\u00e7\u00f5es de poder e seu impacto sobre as pessoas e seus relacionamentos.<\/p>\n<a class=\"nectar-button n-sc-button small see-through\"  href=\"https:\/\/1ogro.com\/projects\/degenerauerj\/guia-de-atividades\/pessoas-e-coisas\" data-color-override=\"false\" data-hover-color-override=\"false\" data-hover-text-color-override=\"#fff\"><span>Ver atividade<\/span><\/a>[\/nectar_icon_list_item][nectar_icon_list_item icon_type=&#8221;numerical&#8221; text_full_html=&#8221;html&#8221; title=&#8221;List Item&#8221; id=&#8221;1748912737885-2&#8243; header=&#8221;Situa\u00e7\u00f5es&#8221; tab_id=&#8221;1748912737886-10&#8243;]\n<p><strong>Objetivo:<\/strong> Lorem ipsum dolor sit amet.<\/p>\n<a class=\"nectar-button n-sc-button small see-through\"  href=\"https:\/\/1ogro.com\/projects\/degenerauerj\/guia-de-atividades\/situacoes\" data-color-override=\"false\" data-hover-color-override=\"false\" data-hover-text-color-override=\"#fff\"><span>Ver atividade<\/span><\/a>[\/nectar_icon_list_item][\/nectar_icon_list][\/vc_column][\/vc_row]\n","protected":false},"excerpt":{"rendered":"<p>[vc_row type=&#8221;full_width_background&#8221; full_screen_row_position=&#8221;middle&#8221; column_margin=&#8221;default&#8221; column_direction=&#8221;default&#8221; column_direction_tablet=&#8221;default&#8221; column_direction_phone=&#8221;default&#8221; scene_position=&#8221;center&#8221; top_padding=&#8221;8%&#8221; bottom_padding=&#8221;7%&#8221; text_color=&#8221;dark&#8221; text_align=&#8221;left&#8221; row_border_radius=&#8221;none&#8221; row_border_radius_applies=&#8221;bg&#8221; overflow=&#8221;visible&#8221; id=&#8221;about-text&#8221; overlay_strength=&#8221;1&#8243; gradient_direction=&#8221;left_to_right&#8221; shape_divider_position=&#8221;bottom&#8221; bg_image_animation=&#8221;none&#8221; shape_type=&#8221;&#8221; gradient_type=&#8221;default&#8221;][vc_column column_padding=&#8221;no-extra-padding&#8221; column_padding_tablet=&#8221;inherit&#8221; column_padding_phone=&#8221;inherit&#8221;&#8230;<\/p>\n","protected":false},"author":1,"featured_media":0,"parent":0,"menu_order":0,"comment_status":"closed","ping_status":"closed","template":"","meta":{"inline_featured_image":false,"footnotes":""},"class_list":["post-6151","page","type-page","status-publish"],"_links":{"self":[{"href":"https:\/\/1ogro.com\/projects\/degenerauerj\/wp-json\/wp\/v2\/pages\/6151","targetHints":{"allow":["GET"]}}],"collection":[{"href":"https:\/\/1ogro.com\/projects\/degenerauerj\/wp-json\/wp\/v2\/pages"}],"about":[{"href":"https:\/\/1ogro.com\/projects\/degenerauerj\/wp-json\/wp\/v2\/types\/page"}],"author":[{"embeddable":true,"href":"https:\/\/1ogro.com\/projects\/degenerauerj\/wp-json\/wp\/v2\/users\/1"}],"replies":[{"embeddable":true,"href":"https:\/\/1ogro.com\/projects\/degenerauerj\/wp-json\/wp\/v2\/comments?post=6151"}],"version-history":[{"count":1,"href":"https:\/\/1ogro.com\/projects\/degenerauerj\/wp-json\/wp\/v2\/pages\/6151\/revisions"}],"predecessor-version":[{"id":6152,"href":"https:\/\/1ogro.com\/projects\/degenerauerj\/wp-json\/wp\/v2\/pages\/6151\/revisions\/6152"}],"wp:attachment":[{"href":"https:\/\/1ogro.com\/projects\/degenerauerj\/wp-json\/wp\/v2\/media?parent=6151"}],"curies":[{"name":"wp","href":"https:\/\/api.w.org\/{rel}","templated":true}]}}