{"id":6345,"date":"2025-06-04T21:28:28","date_gmt":"2025-06-05T00:28:28","guid":{"rendered":"https:\/\/1ogro.com\/projects\/degenerauerj\/?page_id=6345"},"modified":"2025-06-10T19:42:17","modified_gmt":"2025-06-10T22:42:17","slug":"situacoes","status":"publish","type":"page","link":"https:\/\/1ogro.com\/projects\/degenerauerj\/guia-de-atividades\/situacoes\/","title":{"rendered":"Situa\u00e7\u00f5es"},"content":{"rendered":"[vc_row type=&#8221;full_width_background&#8221; full_screen_row_position=&#8221;middle&#8221; column_margin=&#8221;default&#8221; column_direction=&#8221;default&#8221; column_direction_tablet=&#8221;default&#8221; column_direction_phone=&#8221;default&#8221; bg_color=&#8221;#ffffff&#8221; scene_position=&#8221;center&#8221; top_padding=&#8221;5%&#8221; text_color=&#8221;dark&#8221; text_align=&#8221;left&#8221; row_border_radius=&#8221;none&#8221; row_border_radius_applies=&#8221;bg&#8221; overflow=&#8221;visible&#8221; overlay_strength=&#8221;0.3&#8243; gradient_direction=&#8221;left_to_right&#8221; shape_divider_position=&#8221;bottom&#8221; bg_image_animation=&#8221;none&#8221; gradient_type=&#8221;default&#8221; shape_type=&#8221;&#8221;][vc_column column_padding=&#8221;padding-2-percent&#8221; column_padding_tablet=&#8221;inherit&#8221; column_padding_phone=&#8221;inherit&#8221; column_padding_position=&#8221;all&#8221; column_element_direction_desktop=&#8221;default&#8221; column_element_spacing=&#8221;default&#8221; desktop_text_alignment=&#8221;default&#8221; tablet_text_alignment=&#8221;default&#8221; phone_text_alignment=&#8221;default&#8221; background_color_opacity=&#8221;1&#8243; background_hover_color_opacity=&#8221;1&#8243; column_backdrop_filter=&#8221;none&#8221; column_shadow=&#8221;none&#8221; column_border_radius=&#8221;none&#8221; column_link_target=&#8221;_self&#8221; column_position=&#8221;default&#8221; gradient_direction=&#8221;left_to_right&#8221; overlay_strength=&#8221;0.3&#8243; width=&#8221;2\/3&#8243; tablet_width_inherit=&#8221;default&#8221; animation_type=&#8221;default&#8221; bg_image_animation=&#8221;none&#8221; border_type=&#8221;simple&#8221; column_border_width=&#8221;none&#8221; column_border_style=&#8221;solid&#8221;][split_line_heading animation_type=&#8221;default&#8221; text_direction=&#8221;default&#8221;]\n<h2 style=\"color: #a32c2c;\"><span style=\"color: #a32c2c;\">Situa\u00e7\u00f5es<\/span><\/h2>\n[\/split_line_heading][vc_row_inner column_margin=&#8221;default&#8221; column_direction=&#8221;default&#8221; column_direction_tablet=&#8221;default&#8221; column_direction_phone=&#8221;default&#8221; top_padding=&#8221;15&#8243; bottom_padding=&#8221;25&#8243; text_align=&#8221;left&#8221; row_position=&#8221;default&#8221; row_position_tablet=&#8221;inherit&#8221; row_position_phone=&#8221;inherit&#8221; overflow=&#8221;visible&#8221; pointer_events=&#8221;all&#8221;][vc_column_inner column_padding=&#8221;no-extra-padding&#8221; column_padding_tablet=&#8221;inherit&#8221; column_padding_phone=&#8221;inherit&#8221; column_padding_position=&#8221;all&#8221; column_element_direction_desktop=&#8221;default&#8221; column_element_spacing=&#8221;default&#8221; desktop_text_alignment=&#8221;default&#8221; tablet_text_alignment=&#8221;default&#8221; phone_text_alignment=&#8221;default&#8221; background_color_opacity=&#8221;1&#8243; background_hover_color_opacity=&#8221;1&#8243; column_backdrop_filter=&#8221;none&#8221; column_shadow=&#8221;none&#8221; column_border_radius=&#8221;none&#8221; column_link_target=&#8221;_self&#8221; overflow=&#8221;visible&#8221; gradient_direction=&#8221;left_to_right&#8221; overlay_strength=&#8221;0.3&#8243; width=&#8221;1\/1&#8243; tablet_width_inherit=&#8221;default&#8221; animation_type=&#8221;default&#8221; enable_animation=&#8221;true&#8221; animation=&#8221;fade-in-from-bottom&#8221; animation_easing=&#8221;default&#8221; bg_image_animation=&#8221;none&#8221; border_type=&#8221;simple&#8221; column_border_width=&#8221;none&#8221; column_border_style=&#8221;solid&#8221;][vc_column_text css=&#8221;&#8221; text_direction=&#8221;default&#8221;]<b>Objetivo: <span style=\"font-weight: 400;\">xxxxx<\/span><\/b>[\/vc_column_text][\/vc_column_inner][\/vc_row_inner][vc_row_inner column_margin=&#8221;default&#8221; column_direction=&#8221;default&#8221; column_direction_tablet=&#8221;default&#8221; column_direction_phone=&#8221;default&#8221; text_align=&#8221;left&#8221; row_position=&#8221;default&#8221; row_position_tablet=&#8221;inherit&#8221; row_position_phone=&#8221;inherit&#8221; overflow=&#8221;visible&#8221; pointer_events=&#8221;all&#8221;][vc_column_inner column_padding=&#8221;no-extra-padding&#8221; column_padding_tablet=&#8221;inherit&#8221; column_padding_phone=&#8221;inherit&#8221; column_padding_position=&#8221;all&#8221; column_element_direction_desktop=&#8221;default&#8221; column_element_spacing=&#8221;default&#8221; desktop_text_alignment=&#8221;default&#8221; tablet_text_alignment=&#8221;default&#8221; phone_text_alignment=&#8221;default&#8221; background_color_opacity=&#8221;1&#8243; background_hover_color_opacity=&#8221;1&#8243; column_backdrop_filter=&#8221;none&#8221; column_shadow=&#8221;none&#8221; column_border_radius=&#8221;none&#8221; column_link_target=&#8221;_self&#8221; overflow=&#8221;visible&#8221; gradient_direction=&#8221;left_to_right&#8221; overlay_strength=&#8221;0.3&#8243; width=&#8221;1\/1&#8243; tablet_width_inherit=&#8221;default&#8221; animation_type=&#8221;default&#8221; enable_animation=&#8221;true&#8221; animation=&#8221;fade-in-from-bottom&#8221; animation_easing=&#8221;default&#8221; bg_image_animation=&#8221;none&#8221; border_type=&#8221;simple&#8221; column_border_width=&#8221;none&#8221; column_border_style=&#8221;solid&#8221;][vc_column_text css=&#8221;&#8221; text_direction=&#8221;default&#8221;]\n<h6 style=\"color: #a32c2c;\">Material:<\/h6>\n<p><span style=\"color: rgba(0,0,0,0.45);\">Situa\u00e7\u00f5es impressas em v\u00e1rias c\u00f3pias, sujeitas \u00e0 adapta\u00e7\u00e3o de acordo com a necessidade analisada de cada grupo a ser trabalhado.<\/span>[\/vc_column_text][\/vc_column_inner][\/vc_row_inner][divider line_type=&#8221;No Line&#8221; custom_height=&#8221;20&#8243;][vc_column_text css=&#8221;.vc_custom_1748913314495{margin-bottom: 18px !important;}&#8221; text_direction=&#8221;default&#8221;]\n<h5>Desenvolvimento<\/h5>\n[\/vc_column_text][vc_column_text css=&#8221;&#8221; text_direction=&#8221;default&#8221;]<span style=\"font-weight: 400;\">Dividir a turma em dois grupos. Explicar como a atividade ir\u00e1 funcionar e as etapas. Primeiro ser\u00e3o lidas situa\u00e7\u00f5es fict\u00edcias e ser\u00e1 trabalho do grupo discutir sobre essas. Formular as situa\u00e7\u00f5es para os grupos. <\/span>[\/vc_column_text][vc_column_text css=&#8221;&#8221; text_direction=&#8221;default&#8221;]<span style=\"font-weight: 400;\">Estar atentos\/as para conte\u00fados que se relacionem com a tem\u00e1tica da viol\u00eancia; discutir com a turma como esses temas (viol\u00eancia e sexualidade) se relacionam com o cotidiano escolar.<\/span>[\/vc_column_text][vc_column_text css=&#8221;&#8221; text_direction=&#8221;default&#8221;]<span style=\"font-weight: 400;\">No final, destacar o objetivo pretendido com a atividade, relacionando com os conte\u00fados trazidos pelo grupo.\u00a0<\/span>[\/vc_column_text][\/vc_column][vc_column column_padding=&#8221;padding-2-percent&#8221; column_padding_tablet=&#8221;inherit&#8221; column_padding_phone=&#8221;inherit&#8221; column_padding_position=&#8221;all&#8221; column_element_direction_desktop=&#8221;default&#8221; column_element_spacing=&#8221;default&#8221; desktop_text_alignment=&#8221;default&#8221; tablet_text_alignment=&#8221;default&#8221; phone_text_alignment=&#8221;default&#8221; background_color_opacity=&#8221;1&#8243; background_hover_color_opacity=&#8221;1&#8243; column_backdrop_filter=&#8221;none&#8221; column_shadow=&#8221;none&#8221; column_border_radius=&#8221;none&#8221; column_link_target=&#8221;_self&#8221; column_position=&#8221;default&#8221; gradient_direction=&#8221;left_to_right&#8221; overlay_strength=&#8221;0.3&#8243; width=&#8221;1\/3&#8243; tablet_width_inherit=&#8221;default&#8221; animation_type=&#8221;default&#8221; bg_image_animation=&#8221;none&#8221; border_type=&#8221;simple&#8221; column_border_width=&#8221;none&#8221; column_border_style=&#8221;solid&#8221;][vc_column_text css=&#8221;.vc_custom_1749082237778{margin-bottom: 18px !important;}&#8221; text_direction=&#8221;default&#8221;]\n<h5>Adapta\u00e7\u00f5es<\/h5>\n[\/vc_column_text][vc_column_text css=&#8221;&#8221; text_direction=&#8221;default&#8221;]\n<ul>\n<li><span style=\"font-weight: 400;\">Para faixas et\u00e1rias mais novas, propor situa\u00e7\u00f5es mais l\u00fadicas.<\/span><\/li>\n<li>No remoto, \u00e9 poss\u00edvel propor a leitura da situa\u00e7\u00e3o em grupo, compartilhando o texto pelo compartilhamento de tela poss\u00edvel nas plataformas de ensino remoto.<\/li>\n<\/ul>\n[\/vc_column_text][divider line_type=&#8221;No Line&#8221; custom_height=&#8221;20&#8243;][vc_row_inner column_margin=&#8221;default&#8221; column_direction=&#8221;default&#8221; column_direction_tablet=&#8221;default&#8221; column_direction_phone=&#8221;default&#8221; text_align=&#8221;left&#8221; row_position=&#8221;default&#8221; row_position_tablet=&#8221;inherit&#8221; row_position_phone=&#8221;inherit&#8221; overflow=&#8221;visible&#8221; pointer_events=&#8221;all&#8221;][vc_column_inner column_padding=&#8221;no-extra-padding&#8221; column_padding_tablet=&#8221;inherit&#8221; column_padding_phone=&#8221;inherit&#8221; column_padding_position=&#8221;all&#8221; column_element_direction_desktop=&#8221;default&#8221; column_element_spacing=&#8221;default&#8221; desktop_text_alignment=&#8221;default&#8221; tablet_text_alignment=&#8221;default&#8221; phone_text_alignment=&#8221;default&#8221; background_color_opacity=&#8221;1&#8243; background_hover_color_opacity=&#8221;1&#8243; column_backdrop_filter=&#8221;none&#8221; column_shadow=&#8221;none&#8221; column_border_radius=&#8221;none&#8221; column_link_target=&#8221;_self&#8221; overflow=&#8221;visible&#8221; gradient_direction=&#8221;left_to_right&#8221; overlay_strength=&#8221;0.3&#8243; width=&#8221;1\/1&#8243; tablet_width_inherit=&#8221;default&#8221; animation_type=&#8221;default&#8221; enable_animation=&#8221;true&#8221; animation=&#8221;fade-in-from-bottom&#8221; animation_easing=&#8221;default&#8221; bg_image_animation=&#8221;none&#8221; border_type=&#8221;simple&#8221; column_border_width=&#8221;none&#8221; column_border_style=&#8221;solid&#8221;][vc_column_text css=&#8221;&#8221; text_direction=&#8221;default&#8221;]\n<h6 style=\"color: #a32c2c;\">Temas:<\/h6>\n<p><span style=\"color: rgba(0,0,0,0.45);\"><a href=\"https:\/\/1ogro.com\/projects\/degenerauerj\/consentimento\/\">Consentimento<\/a>; <a href=\"https:\/\/1ogro.com\/projects\/degenerauerj\/lacos\/\">La\u00e7os<\/a>; <a href=\"https:\/\/1ogro.com\/projects\/degenerauerj\/violencia\/\">Viol\u00eancia<\/a><\/span>[\/vc_column_text][\/vc_column_inner][\/vc_row_inner][\/vc_column][\/vc_row][vc_row type=&#8221;full_width_background&#8221; full_screen_row_position=&#8221;middle&#8221; column_margin=&#8221;default&#8221; column_direction=&#8221;default&#8221; column_direction_tablet=&#8221;default&#8221; column_direction_phone=&#8221;default&#8221; bg_color=&#8221;#ffffff&#8221; scene_position=&#8221;center&#8221; text_color=&#8221;dark&#8221; text_align=&#8221;left&#8221; row_border_radius=&#8221;none&#8221; row_border_radius_applies=&#8221;bg&#8221; overflow=&#8221;visible&#8221; overlay_strength=&#8221;0.3&#8243; gradient_direction=&#8221;left_to_right&#8221; shape_divider_position=&#8221;bottom&#8221; bg_image_animation=&#8221;none&#8221; gradient_type=&#8221;default&#8221; shape_type=&#8221;&#8221;][vc_column column_padding=&#8221;padding-2-percent&#8221; column_padding_tablet=&#8221;inherit&#8221; column_padding_phone=&#8221;inherit&#8221; column_padding_position=&#8221;all&#8221; column_element_direction_desktop=&#8221;default&#8221; column_element_spacing=&#8221;default&#8221; desktop_text_alignment=&#8221;default&#8221; tablet_text_alignment=&#8221;default&#8221; phone_text_alignment=&#8221;default&#8221; background_color_opacity=&#8221;1&#8243; background_hover_color_opacity=&#8221;1&#8243; column_backdrop_filter=&#8221;none&#8221; column_shadow=&#8221;none&#8221; column_border_radius=&#8221;none&#8221; column_link_target=&#8221;_self&#8221; column_position=&#8221;default&#8221; gradient_direction=&#8221;left_to_right&#8221; overlay_strength=&#8221;0.3&#8243; width=&#8221;1\/1&#8243; tablet_width_inherit=&#8221;default&#8221; animation_type=&#8221;default&#8221; bg_image_animation=&#8221;none&#8221; border_type=&#8221;simple&#8221; column_border_width=&#8221;none&#8221; column_border_style=&#8221;solid&#8221;][vc_column_text css=&#8221;.vc_custom_1749083353444{margin-bottom: 18px !important;}&#8221; text_direction=&#8221;default&#8221;]\n<h5><b>Situa\u00e7\u00f5es sugeridas<\/b><span style=\"font-weight: 400;\">:<\/span><\/h5>\n[\/vc_column_text]<div class=\"nectar-fancy-ul\" data-list-icon=\"icon-salient-check\" data-animation=\"false\" data-animation-delay=\"0\" data-color=\"accent-color\" data-spacing=\"default\" data-alignment=\"left\"> \n<ul>\n<li style=\"font-weight: 400;\" aria-level=\"1\">\n<h4><span style=\"font-weight: 400;\"><strong>Viol\u00eancia no relacionamento<\/strong><br \/>\n<\/span><\/h4>\n<p>\u201cAna e Marcos estudam na mesma turma e namoram h\u00e1 dois meses. Marcos \u00e9 bastante ciumento e acompanha a namorada a todos os lugares em que ela vai. Ana gosta do namorado, mas \u00e0s vezes se sente sufocada. Durante o recreio, quando Ana foi ao banheiro, Marcos mexeu no celular da namorada e ficou com ci\u00fames de algumas mensagens que viu. Ele pegou o bra\u00e7o de Ana com for\u00e7a e disse que se ela continuasse conversando com amigos homens, iria terminar o namoro.\u201d<\/li>\n<\/ul>\n<ul>\n<li style=\"font-weight: 400;\" aria-level=\"1\">\n<h4><span style=\"font-weight: 400;\"><strong>Viol\u00eancia e Consentimento<\/strong><br \/>\n<\/span><\/h4>\n<p>\u201cPedro e Lucas s\u00e3o amigos desde a inf\u00e2ncia, mas Lucas teve que mudar de estado junto com a fam\u00edlia por conta de uma oportunidade de trabalho para sua m\u00e3e. Agora, j\u00e1 com 15 anos, Lucas retornou ao Rio e vai continuar os estudos na mesma escola que seu antigo amigo Pedro frequenta. Lucas n\u00e3o reconhece Pedro quando se reencontram: al\u00e9m de mais alto e magro, o menino usa roupas pretas, pinta os olhos e as unhas com cores escuras e tem uma por\u00e7\u00e3o de piercings pelo corpo. Pedro contou ao amigo que estava numa fase g\u00f3tica e que est\u00e1 namorando T\u00falio, um menino de outra escola. Lucas ficou surpreso quando Pedro lhe confidenciou isso, mas n\u00e3o tinha problemas com a quest\u00e3o e pediu a ajuda do amigo pra se enturmar na escola. Logo percebeu que seu amigo n\u00e3o era um dos mais populares, muito pelo contr\u00e1rio, ningu\u00e9m sequer falava com ele a n\u00e3o ser os professores. Durante o recreio, Lucas percebeu que um grupo de meninos ria e cochichava perto deles. Quando o sinal tocou, um dos garotos do grupo jogou uma lata de refrigerante na sua dire\u00e7\u00e3o e gritou &#8220;Viadinhos!&#8221;. Lucas decidiu ir falar com a diretora do col\u00e9gio, mas Pedro o impediu, dizendo que sua m\u00e3e n\u00e3o sabia que ele era gay e que, se ele falasse com a diretora, ela ia acabar desconfiando. Lucas n\u00e3o sabia o que fazer, pois conforme os dias passavam a conviv\u00eancia na escola se tornava insuport\u00e1vel. N\u00e3o s\u00f3 os outros alunos os zoavam diariamente por andarem juntos, como percebia que o amigo estava cada vez mais triste, se culpando pelo que acontecia com eles. At\u00e9 o inspetor do col\u00e9gio, Seu Bigode, os aconselhou a n\u00e3o andarem muito juntos e que Pedro n\u00e3o pintasse mais as unhas e os olhos.\u201d<\/p>\n<p>\u201cAna e Beto namoram h\u00e1 8 meses. Eles fazem programas juntos s\u00f3 que em lugares p\u00fablicos (shopping, cinema, museus, restaurantes,caminhadas&#8230;) ou com amigos. Quando est\u00e3o juntos na casa dele ou dela sempre h\u00e1 algu\u00e9m. At\u00e9 que um dia Beto convida Ana para ver um filme a s\u00f3s na casa dele (n\u00e3o haveria ningu\u00e9m l\u00e1). Beto prepara alguma coisa para eles comerem e eles come\u00e7am a ver o filme. Durante o filme o clima come\u00e7a a esquentar e come\u00e7a a &#8220;pega\u00e7\u00e3o&#8221;. Com os dois sem roupa Ana pede para ele parar e ele responde &#8220;Que isso gata, vai me deixar na m\u00e3o agora? N\u00e3o d\u00e1 pra parar n\u00e3o.&#8221; Ele ent\u00e3o amea\u00e7a terminar o namoro.\u201d<\/p>\n<p>\u201cJully e Thiago estudam juntos desde o 5o. ano, e s\u00e3o muito amigos. Tamb\u00e9m s\u00e3o vizinhos, ent\u00e3o costumam fazer trabalhos juntos, ir e voltar da escola juntos, e tamb\u00e9m s\u00e3o f\u00e3s de animes. Atualmente eles est\u00e3o no 8o. ano. Este ano, Jully come\u00e7ou a namorar Fernando, um garoto do 9o. ano da mesma escola. Fernando n\u00e3o gosta da rela\u00e7\u00e3o de Jully e Thiago. Acha que eles ficam juntos demais, que n\u00e3o existe amizade entre homem e mulher, e que Thiago tem \u2018segundas inten\u00e7\u00f5es\u2019 com Jully. Desconfiado, e com medo de estar sendo tra\u00eddo, Fernando pegou o celular de Jully escondido e olhou as mensagens no whatsapp e no facebook, o que o fez suspeitar ainda mais da namorada e a exigir uma explica\u00e7\u00e3o dela sobre a mensagem de Thiago, que dizia: &#8220;nos vemos mais tarde? Saudades!&#8221;. Jully surpresa com a atitude do namorado disse que n\u00e3o devia satisfa\u00e7\u00f5es a ele, que n\u00e3o tinha nada demais na mensagem, e que ele estava ficando louco. Os dois come\u00e7aram uma briga. Fernando exige como condi\u00e7\u00e3o para continuar o namoro, ter acesso ao celular de Jully, que nega. Ele diz que se n\u00e3o houvesse o que esconder, ela n\u00e3o deveria recusar sua proposta, e vai ficando cada vez mais nervoso at\u00e9 que segura Jully pelo bra\u00e7o e toma seu celular. Ela tenta impedir, e ele acaba dando um tapa nela, e jogando seu celular no ch\u00e3o.\u201d<\/li>\n<\/ul>\n<ul>\n<li style=\"font-weight: 400;\" aria-level=\"1\">\n<h4><span style=\"font-weight: 400;\"><strong>Racismo<\/strong><br \/>\n<\/span><\/h4>\n<p>\u201cNa escola teria uma pe\u00e7a de teatro apresentada pelos alunos. Havia uma sele\u00e7\u00e3o para escalar os pap\u00e9is, e muitos alunos estavam ansiosos. Ta\u00eds, uma das alunas, queria muito o papel principal da pe\u00e7a. O resultado saiu e Ta\u00eds ficou animad\u00edssima: ela tinha conseguido! Logo se preparou para assumir sua personagem e foi uma das primeiras a chegar nos ensaios da pe\u00e7a. No primeiro ensaio, no entanto, Ta\u00eds foi chamada pelo diretor da pe\u00e7a que lhe pediu para que usasse algum produto para \u201cdomar\u201d e alisar seu cabelo, que era Black. Ta\u00eds n\u00e3o gostou muito da ideia, mas, como queria o papel, fez o que o diretor pediu.\u201d<\/p>\n<p>\u201cA fam\u00edlia de Wander se mudou no in\u00edcio do ano e ele come\u00e7ou este ano a frequentar uma nova escola, onde ainda n\u00e3o fez muitos amigos. Durante uma das aulas, um grupo de estudantes ficou zoando Wander quando ele fez uma pergunta \u00e0 professora. Chamaram o colega de \u201cmacaco\u201d e \u201cneguinho\u201d. Uma aluna disse que tinha nojo de sentar perto de Wander. A professora continuou a dar a aula, dizendo que era s\u00f3 uma brincadeira da turma, porque Wander era novo na escola.\u201d<\/li>\n<\/ul>\n<ul>\n<li style=\"font-weight: 400;\" aria-level=\"1\">\n<h4><span style=\"font-weight: 400;\"><strong>Lesbofobia<\/strong><br \/>\n<\/span><\/h4>\n<p>\u201cLigia e Malu s\u00e3o grandes amigas e se gostam muito. Nas \u00faltimas semanas, elas t\u00eam sentido mais vontade de ficar juntas. Na escola, sempre se abra\u00e7am quando se encontram, gostam se ficar sentadas de m\u00e3os dadas, de fazer carinho uma na outra. Os colegas come\u00e7aram a implicar com Ligia e Malu, a fazer piadas e xing\u00e1-las quando passam. Na sa\u00edda da escola ontem, uns garotos jogaram pedras nas duas, enquanto o restante das alunas e alunos ria delas.\u201d<\/li>\n<\/ul>\n <\/div>[\/vc_column][\/vc_row][vc_row type=&#8221;full_width_background&#8221; full_screen_row_position=&#8221;middle&#8221; column_margin=&#8221;default&#8221; column_direction=&#8221;default&#8221; column_direction_tablet=&#8221;default&#8221; column_direction_phone=&#8221;default&#8221; bg_color=&#8221;#ffffff&#8221; scene_position=&#8221;center&#8221; bottom_padding=&#8221;5%&#8221; text_color=&#8221;dark&#8221; text_align=&#8221;left&#8221; row_border_radius=&#8221;none&#8221; row_border_radius_applies=&#8221;bg&#8221; overflow=&#8221;visible&#8221; overlay_strength=&#8221;0.3&#8243; gradient_direction=&#8221;left_to_right&#8221; shape_divider_position=&#8221;bottom&#8221; bg_image_animation=&#8221;none&#8221; gradient_type=&#8221;default&#8221; shape_type=&#8221;&#8221;][vc_column column_padding=&#8221;padding-2-percent&#8221; column_padding_tablet=&#8221;inherit&#8221; column_padding_phone=&#8221;inherit&#8221; column_padding_position=&#8221;all&#8221; column_element_direction_desktop=&#8221;default&#8221; column_element_spacing=&#8221;default&#8221; desktop_text_alignment=&#8221;default&#8221; tablet_text_alignment=&#8221;default&#8221; phone_text_alignment=&#8221;default&#8221; background_color_opacity=&#8221;1&#8243; background_hover_color_opacity=&#8221;1&#8243; column_backdrop_filter=&#8221;none&#8221; column_shadow=&#8221;none&#8221; column_border_radius=&#8221;none&#8221; column_link_target=&#8221;_self&#8221; column_position=&#8221;default&#8221; gradient_direction=&#8221;left_to_right&#8221; overlay_strength=&#8221;0.3&#8243; width=&#8221;1\/1&#8243; tablet_width_inherit=&#8221;default&#8221; animation_type=&#8221;default&#8221; bg_image_animation=&#8221;none&#8221; border_type=&#8221;simple&#8221; column_border_width=&#8221;none&#8221; column_border_style=&#8221;solid&#8221;][vc_column_text css=&#8221;.vc_custom_1748913570948{margin-bottom: 18px !important;}&#8221; text_direction=&#8221;default&#8221;]\n<h5>Comentando a atividade:<\/h5>\n[\/vc_column_text][vc_row_inner column_margin=&#8221;default&#8221; column_direction=&#8221;default&#8221; column_direction_tablet=&#8221;default&#8221; column_direction_phone=&#8221;default&#8221; top_padding=&#8221;10px&#8221; text_align=&#8221;left&#8221; row_position=&#8221;default&#8221; row_position_tablet=&#8221;inherit&#8221; row_position_phone=&#8221;inherit&#8221; overflow=&#8221;visible&#8221; pointer_events=&#8221;all&#8221;][vc_column_inner column_padding=&#8221;no-extra-padding&#8221; column_padding_tablet=&#8221;inherit&#8221; column_padding_phone=&#8221;inherit&#8221; column_padding_position=&#8221;all&#8221; column_element_direction_desktop=&#8221;default&#8221; column_element_spacing=&#8221;default&#8221; desktop_text_alignment=&#8221;default&#8221; tablet_text_alignment=&#8221;default&#8221; phone_text_alignment=&#8221;default&#8221; background_color_opacity=&#8221;1&#8243; background_hover_color_opacity=&#8221;1&#8243; column_backdrop_filter=&#8221;none&#8221; column_shadow=&#8221;none&#8221; column_border_radius=&#8221;none&#8221; column_link_target=&#8221;_self&#8221; overflow=&#8221;visible&#8221; gradient_direction=&#8221;left_to_right&#8221; overlay_strength=&#8221;0.3&#8243; width=&#8221;1\/1&#8243; tablet_width_inherit=&#8221;default&#8221; animation_type=&#8221;default&#8221; enable_animation=&#8221;true&#8221; animation=&#8221;fade-in-from-bottom&#8221; animation_easing=&#8221;default&#8221; bg_image_animation=&#8221;none&#8221; border_type=&#8221;simple&#8221; column_border_width=&#8221;none&#8221; column_border_style=&#8221;solid&#8221;][vc_column_text css=&#8221;&#8221; text_direction=&#8221;default&#8221;]<i><span style=\"font-weight: 400;\">\u201cNesta oficina, o objetivo \u00e9 facilmente identificado, uma vez que as situa\u00e7\u00f5es apresentadas s\u00e3o expl\u00edcitas em suas respectivas tem\u00e1ticas. Devido a essa caracter\u00edstica as discuss\u00f5es se tornam muito ricas e engajadas. Os participantes utilizam as situa\u00e7\u00f5es para refletir sobre como reagiriam caso aquilo acontecesse com eles na vida real, ou sobre como elas podem aparecer em suas experi\u00eancias pessoais, na televis\u00e3o ou nas redes sociais. Abre-se um espa\u00e7o de troca em que eles podem defender seus pontos de vista e aprender mais sobre os temas abordados, a partir de uma explica\u00e7\u00e3o ou conceitua\u00e7\u00e3o por parte dos facilitadores.\u201d<\/span><\/i>[\/vc_column_text][\/vc_column_inner][\/vc_row_inner][\/vc_column][\/vc_row]\n","protected":false},"excerpt":{"rendered":"<p>[vc_row type=&#8221;full_width_background&#8221; full_screen_row_position=&#8221;middle&#8221; column_margin=&#8221;default&#8221; column_direction=&#8221;default&#8221; column_direction_tablet=&#8221;default&#8221; column_direction_phone=&#8221;default&#8221; bg_color=&#8221;#ffffff&#8221; scene_position=&#8221;center&#8221; top_padding=&#8221;5%&#8221; text_color=&#8221;dark&#8221; text_align=&#8221;left&#8221; row_border_radius=&#8221;none&#8221; row_border_radius_applies=&#8221;bg&#8221; overflow=&#8221;visible&#8221; overlay_strength=&#8221;0.3&#8243; gradient_direction=&#8221;left_to_right&#8221; shape_divider_position=&#8221;bottom&#8221; bg_image_animation=&#8221;none&#8221; gradient_type=&#8221;default&#8221; shape_type=&#8221;&#8221;][vc_column column_padding=&#8221;padding-2-percent&#8221; column_padding_tablet=&#8221;inherit&#8221; column_padding_phone=&#8221;inherit&#8221; column_padding_position=&#8221;all&#8221;&#8230;<\/p>\n","protected":false},"author":1,"featured_media":0,"parent":6093,"menu_order":0,"comment_status":"closed","ping_status":"closed","template":"","meta":{"inline_featured_image":false,"footnotes":""},"class_list":["post-6345","page","type-page","status-publish"],"_links":{"self":[{"href":"https:\/\/1ogro.com\/projects\/degenerauerj\/wp-json\/wp\/v2\/pages\/6345","targetHints":{"allow":["GET"]}}],"collection":[{"href":"https:\/\/1ogro.com\/projects\/degenerauerj\/wp-json\/wp\/v2\/pages"}],"about":[{"href":"https:\/\/1ogro.com\/projects\/degenerauerj\/wp-json\/wp\/v2\/types\/page"}],"author":[{"embeddable":true,"href":"https:\/\/1ogro.com\/projects\/degenerauerj\/wp-json\/wp\/v2\/users\/1"}],"replies":[{"embeddable":true,"href":"https:\/\/1ogro.com\/projects\/degenerauerj\/wp-json\/wp\/v2\/comments?post=6345"}],"version-history":[{"count":8,"href":"https:\/\/1ogro.com\/projects\/degenerauerj\/wp-json\/wp\/v2\/pages\/6345\/revisions"}],"predecessor-version":[{"id":6376,"href":"https:\/\/1ogro.com\/projects\/degenerauerj\/wp-json\/wp\/v2\/pages\/6345\/revisions\/6376"}],"up":[{"embeddable":true,"href":"https:\/\/1ogro.com\/projects\/degenerauerj\/wp-json\/wp\/v2\/pages\/6093"}],"wp:attachment":[{"href":"https:\/\/1ogro.com\/projects\/degenerauerj\/wp-json\/wp\/v2\/media?parent=6345"}],"curies":[{"name":"wp","href":"https:\/\/api.w.org\/{rel}","templated":true}]}}