{"id":6349,"date":"2025-06-04T21:39:53","date_gmt":"2025-06-05T00:39:53","guid":{"rendered":"https:\/\/1ogro.com\/projects\/degenerauerj\/?page_id=6349"},"modified":"2025-06-04T21:46:26","modified_gmt":"2025-06-05T00:46:26","slug":"teatro-de-bonecos","status":"publish","type":"page","link":"https:\/\/1ogro.com\/projects\/degenerauerj\/guia-de-atividades\/teatro-de-bonecos\/","title":{"rendered":"Teatro de Bonecos"},"content":{"rendered":"[vc_row type=&#8221;full_width_background&#8221; full_screen_row_position=&#8221;middle&#8221; column_margin=&#8221;default&#8221; column_direction=&#8221;default&#8221; column_direction_tablet=&#8221;default&#8221; column_direction_phone=&#8221;default&#8221; bg_color=&#8221;#ffffff&#8221; scene_position=&#8221;center&#8221; top_padding=&#8221;5%&#8221; text_color=&#8221;dark&#8221; text_align=&#8221;left&#8221; row_border_radius=&#8221;none&#8221; row_border_radius_applies=&#8221;bg&#8221; overflow=&#8221;visible&#8221; overlay_strength=&#8221;0.3&#8243; gradient_direction=&#8221;left_to_right&#8221; shape_divider_position=&#8221;bottom&#8221; bg_image_animation=&#8221;none&#8221; gradient_type=&#8221;default&#8221; shape_type=&#8221;&#8221;][vc_column column_padding=&#8221;padding-2-percent&#8221; column_padding_tablet=&#8221;inherit&#8221; column_padding_phone=&#8221;inherit&#8221; column_padding_position=&#8221;all&#8221; column_element_direction_desktop=&#8221;default&#8221; column_element_spacing=&#8221;default&#8221; desktop_text_alignment=&#8221;default&#8221; tablet_text_alignment=&#8221;default&#8221; phone_text_alignment=&#8221;default&#8221; background_color_opacity=&#8221;1&#8243; background_hover_color_opacity=&#8221;1&#8243; column_backdrop_filter=&#8221;none&#8221; column_shadow=&#8221;none&#8221; column_border_radius=&#8221;none&#8221; column_link_target=&#8221;_self&#8221; column_position=&#8221;default&#8221; gradient_direction=&#8221;left_to_right&#8221; overlay_strength=&#8221;0.3&#8243; width=&#8221;1\/2&#8243; tablet_width_inherit=&#8221;default&#8221; animation_type=&#8221;default&#8221; bg_image_animation=&#8221;none&#8221; border_type=&#8221;simple&#8221; column_border_width=&#8221;none&#8221; column_border_style=&#8221;solid&#8221;][split_line_heading animation_type=&#8221;default&#8221; text_direction=&#8221;default&#8221;]\n<h2 style=\"color: #a32c2c;\"><span style=\"color: #a32c2c;\">Teatro<\/span><\/h2>\n<h2 style=\"color: #a32c2c;\"><span style=\"color: #a32c2c;\">de Bonecos<\/span><\/h2>\n[\/split_line_heading][vc_row_inner column_margin=&#8221;default&#8221; column_direction=&#8221;default&#8221; column_direction_tablet=&#8221;default&#8221; column_direction_phone=&#8221;default&#8221; top_padding=&#8221;15&#8243; bottom_padding=&#8221;25&#8243; text_align=&#8221;left&#8221; row_position=&#8221;default&#8221; row_position_tablet=&#8221;inherit&#8221; row_position_phone=&#8221;inherit&#8221; overflow=&#8221;visible&#8221; pointer_events=&#8221;all&#8221;][vc_column_inner column_padding=&#8221;no-extra-padding&#8221; column_padding_tablet=&#8221;inherit&#8221; column_padding_phone=&#8221;inherit&#8221; column_padding_position=&#8221;all&#8221; column_element_direction_desktop=&#8221;default&#8221; column_element_spacing=&#8221;default&#8221; desktop_text_alignment=&#8221;default&#8221; tablet_text_alignment=&#8221;default&#8221; phone_text_alignment=&#8221;default&#8221; background_color_opacity=&#8221;1&#8243; background_hover_color_opacity=&#8221;1&#8243; column_backdrop_filter=&#8221;none&#8221; column_shadow=&#8221;none&#8221; column_border_radius=&#8221;none&#8221; column_link_target=&#8221;_self&#8221; overflow=&#8221;visible&#8221; gradient_direction=&#8221;left_to_right&#8221; overlay_strength=&#8221;0.3&#8243; width=&#8221;1\/1&#8243; tablet_width_inherit=&#8221;default&#8221; animation_type=&#8221;default&#8221; enable_animation=&#8221;true&#8221; animation=&#8221;fade-in-from-bottom&#8221; animation_easing=&#8221;default&#8221; bg_image_animation=&#8221;none&#8221; border_type=&#8221;simple&#8221; column_border_width=&#8221;none&#8221; column_border_style=&#8221;solid&#8221;][vc_column_text css=&#8221;&#8221; text_direction=&#8221;default&#8221;]<b>Objetivo: <span style=\"font-weight: 400;\">Trabalhar as rela\u00e7\u00f5es e intera\u00e7\u00f5es que acontecem na escola, tanto entre estudantes como com figuras de autoridade: diretoras, professoras, inspetoras, etc. Desenvolver e refletir com os alunos como eles v\u00eaem os conv\u00edvios escolares. <\/span><\/b>[\/vc_column_text][\/vc_column_inner][\/vc_row_inner][vc_row_inner column_margin=&#8221;default&#8221; column_direction=&#8221;default&#8221; column_direction_tablet=&#8221;default&#8221; column_direction_phone=&#8221;default&#8221; text_align=&#8221;left&#8221; row_position=&#8221;default&#8221; row_position_tablet=&#8221;inherit&#8221; row_position_phone=&#8221;inherit&#8221; overflow=&#8221;visible&#8221; pointer_events=&#8221;all&#8221;][vc_column_inner column_padding=&#8221;no-extra-padding&#8221; column_padding_tablet=&#8221;inherit&#8221; column_padding_phone=&#8221;inherit&#8221; column_padding_position=&#8221;all&#8221; column_element_direction_desktop=&#8221;default&#8221; column_element_spacing=&#8221;default&#8221; desktop_text_alignment=&#8221;default&#8221; tablet_text_alignment=&#8221;default&#8221; phone_text_alignment=&#8221;default&#8221; background_color_opacity=&#8221;1&#8243; background_hover_color_opacity=&#8221;1&#8243; column_backdrop_filter=&#8221;none&#8221; column_shadow=&#8221;none&#8221; column_border_radius=&#8221;none&#8221; column_link_target=&#8221;_self&#8221; overflow=&#8221;visible&#8221; gradient_direction=&#8221;left_to_right&#8221; overlay_strength=&#8221;0.3&#8243; width=&#8221;1\/1&#8243; tablet_width_inherit=&#8221;default&#8221; animation_type=&#8221;default&#8221; enable_animation=&#8221;true&#8221; animation=&#8221;fade-in-from-bottom&#8221; animation_easing=&#8221;default&#8221; bg_image_animation=&#8221;none&#8221; border_type=&#8221;simple&#8221; column_border_width=&#8221;none&#8221; column_border_style=&#8221;solid&#8221;][vc_column_text css=&#8221;&#8221; text_direction=&#8221;default&#8221;]\n<h6 style=\"color: #a32c2c;\">Material:<\/h6>\n<p><span style=\"color: rgba(0,0,0,0.45);\">5 a 6 folhas A4; l\u00e1pis e canetas coloridos; novelos de l\u00e3 coloridos; papeis coloridos diversos; 5 a 6 bonecos de papel\u00e3o previamente montados (um c\u00edrculo de papel\u00e3o para cabe\u00e7a, um ret\u00e2ngulo maior para o tronco; 2 ret\u00e2ngulos finos menores para os bra\u00e7os e 2 ret\u00e2ngulos finos maiores para as pernas &#8211; junte tudo com cola ou colchetes para garantir movimento); 5 a 6 cartolinas; cola; e tesoura.<\/span>[\/vc_column_text][\/vc_column_inner][\/vc_row_inner][vc_row_inner column_margin=&#8221;default&#8221; column_direction=&#8221;default&#8221; column_direction_tablet=&#8221;default&#8221; column_direction_phone=&#8221;default&#8221; text_align=&#8221;left&#8221; row_position=&#8221;default&#8221; row_position_tablet=&#8221;inherit&#8221; row_position_phone=&#8221;inherit&#8221; overflow=&#8221;visible&#8221; pointer_events=&#8221;all&#8221;][vc_column_inner column_padding=&#8221;no-extra-padding&#8221; column_padding_tablet=&#8221;inherit&#8221; column_padding_phone=&#8221;inherit&#8221; column_padding_position=&#8221;all&#8221; column_element_direction_desktop=&#8221;default&#8221; column_element_spacing=&#8221;default&#8221; desktop_text_alignment=&#8221;default&#8221; tablet_text_alignment=&#8221;default&#8221; phone_text_alignment=&#8221;default&#8221; background_color_opacity=&#8221;1&#8243; background_hover_color_opacity=&#8221;1&#8243; column_backdrop_filter=&#8221;none&#8221; column_shadow=&#8221;none&#8221; column_border_radius=&#8221;none&#8221; column_link_target=&#8221;_self&#8221; overflow=&#8221;visible&#8221; gradient_direction=&#8221;left_to_right&#8221; overlay_strength=&#8221;0.3&#8243; width=&#8221;1\/1&#8243; tablet_width_inherit=&#8221;default&#8221; animation_type=&#8221;default&#8221; enable_animation=&#8221;true&#8221; animation=&#8221;fade-in-from-bottom&#8221; animation_easing=&#8221;default&#8221; bg_image_animation=&#8221;none&#8221; border_type=&#8221;simple&#8221; column_border_width=&#8221;none&#8221; column_border_style=&#8221;solid&#8221;][vc_column_text css=&#8221;&#8221; text_direction=&#8221;default&#8221;]\n<h6 style=\"color: #a32c2c;\">Temas:<\/h6>\n<p><span style=\"color: rgba(0,0,0,0.45);\"><a href=\"https:\/\/1ogro.com\/projects\/degenerauerj\/espaco\/\">Espa\u00e7o<\/a>; <a href=\"https:\/\/1ogro.com\/projects\/degenerauerj\/lacos\/\">La\u00e7os<\/a><\/span>[\/vc_column_text][\/vc_column_inner][\/vc_row_inner][\/vc_column][vc_column column_padding=&#8221;padding-2-percent&#8221; column_padding_tablet=&#8221;inherit&#8221; column_padding_phone=&#8221;inherit&#8221; column_padding_position=&#8221;all&#8221; column_element_direction_desktop=&#8221;default&#8221; column_element_spacing=&#8221;default&#8221; desktop_text_alignment=&#8221;default&#8221; tablet_text_alignment=&#8221;default&#8221; phone_text_alignment=&#8221;default&#8221; background_color_opacity=&#8221;1&#8243; background_hover_color_opacity=&#8221;1&#8243; column_backdrop_filter=&#8221;none&#8221; column_shadow=&#8221;none&#8221; column_border_radius=&#8221;none&#8221; column_link_target=&#8221;_self&#8221; column_position=&#8221;default&#8221; gradient_direction=&#8221;left_to_right&#8221; overlay_strength=&#8221;0.3&#8243; width=&#8221;1\/2&#8243; tablet_width_inherit=&#8221;default&#8221; animation_type=&#8221;default&#8221; bg_image_animation=&#8221;none&#8221; border_type=&#8221;simple&#8221; column_border_width=&#8221;none&#8221; column_border_style=&#8221;solid&#8221;][vc_row_inner column_margin=&#8221;default&#8221; column_direction=&#8221;default&#8221; column_direction_tablet=&#8221;default&#8221; column_direction_phone=&#8221;default&#8221; bottom_padding=&#8221;5%&#8221; text_align=&#8221;left&#8221; row_position=&#8221;default&#8221; row_position_tablet=&#8221;inherit&#8221; row_position_phone=&#8221;inherit&#8221; overflow=&#8221;visible&#8221; pointer_events=&#8221;all&#8221;][vc_column_inner column_padding=&#8221;no-extra-padding&#8221; column_padding_tablet=&#8221;inherit&#8221; column_padding_phone=&#8221;inherit&#8221; column_padding_position=&#8221;all&#8221; column_element_direction_desktop=&#8221;default&#8221; column_element_spacing=&#8221;default&#8221; desktop_text_alignment=&#8221;default&#8221; tablet_text_alignment=&#8221;default&#8221; phone_text_alignment=&#8221;default&#8221; background_color_opacity=&#8221;1&#8243; background_hover_color_opacity=&#8221;1&#8243; column_backdrop_filter=&#8221;none&#8221; column_shadow=&#8221;none&#8221; column_border_radius=&#8221;none&#8221; column_link_target=&#8221;_self&#8221; overflow=&#8221;visible&#8221; gradient_direction=&#8221;left_to_right&#8221; overlay_strength=&#8221;0.3&#8243; width=&#8221;1\/1&#8243; tablet_width_inherit=&#8221;default&#8221; animation_type=&#8221;default&#8221; enable_animation=&#8221;true&#8221; animation=&#8221;fade-in-from-bottom&#8221; animation_easing=&#8221;default&#8221; bg_image_animation=&#8221;none&#8221; border_type=&#8221;simple&#8221; column_border_width=&#8221;none&#8221; column_border_style=&#8221;solid&#8221;][vc_column_text css=&#8221;.vc_custom_1748913570948{margin-bottom: 18px !important;}&#8221; text_direction=&#8221;default&#8221;]\n<h5>Comentando a atividade:<\/h5>\n[\/vc_column_text][vc_column_text css=&#8221;&#8221; text_direction=&#8221;default&#8221;]<span style=\"font-weight: 400;\">\u201cEssa atividade fez parte de uma sequ\u00eancia de oficinas que incentivam as crian\u00e7as a pensarem sobre a pr\u00f3pria escola e criarem uma escola do zero, desde o nome da escola, at\u00e9 seus espa\u00e7os, seu uniforme e seus alunos. Foram dessas atividades iniciais que surgiu o Davi Jubiscreido, um aluno criado em conjunto pela turma que estuda nessa escola \u201cinventada\u201d. \u00c9 interessante pensar como a partir dessa ideia da escola \u201ccriada\u201d, os alunos brincam com as normas e regras estabelecidas na sua escola real. Por exemplo, um grupo decidiu que a cena se passaria em um s\u00e1bado letivo, mas que nesse dia ningu\u00e9m precisaria usar uniforme, diferente da escola onde de fato estudam. Entretanto, mesmo nessa escola \u201cimagin\u00e1ria\u201d, algumas rela\u00e7\u00f5es se mantiveram, principalmente as de hierarquia, como observado em algumas cenas que aparecem a diretora ou a professora em posi\u00e7\u00f5es de media\u00e7\u00e3o de conflito ou at\u00e9 mesmo de puni\u00e7\u00e3o de um dos personagens com suspens\u00e3o.\u201d<\/span>[\/vc_column_text][\/vc_column_inner][\/vc_row_inner][\/vc_column][\/vc_row][vc_row type=&#8221;full_width_background&#8221; full_screen_row_position=&#8221;middle&#8221; column_margin=&#8221;default&#8221; column_direction=&#8221;default&#8221; column_direction_tablet=&#8221;default&#8221; column_direction_phone=&#8221;default&#8221; bg_color=&#8221;#ffffff&#8221; scene_position=&#8221;center&#8221; bottom_padding=&#8221;5%&#8221; text_color=&#8221;dark&#8221; text_align=&#8221;left&#8221; row_border_radius=&#8221;none&#8221; row_border_radius_applies=&#8221;bg&#8221; overflow=&#8221;visible&#8221; overlay_strength=&#8221;0.3&#8243; gradient_direction=&#8221;left_to_right&#8221; shape_divider_position=&#8221;bottom&#8221; bg_image_animation=&#8221;none&#8221; gradient_type=&#8221;default&#8221; shape_type=&#8221;&#8221;][vc_column column_padding=&#8221;padding-2-percent&#8221; column_padding_tablet=&#8221;inherit&#8221; column_padding_phone=&#8221;inherit&#8221; column_padding_position=&#8221;all&#8221; column_element_direction_desktop=&#8221;default&#8221; column_element_spacing=&#8221;default&#8221; desktop_text_alignment=&#8221;default&#8221; tablet_text_alignment=&#8221;default&#8221; phone_text_alignment=&#8221;default&#8221; background_color_opacity=&#8221;1&#8243; background_hover_color_opacity=&#8221;1&#8243; column_backdrop_filter=&#8221;none&#8221; column_shadow=&#8221;none&#8221; column_border_radius=&#8221;none&#8221; column_link_target=&#8221;_self&#8221; column_position=&#8221;default&#8221; gradient_direction=&#8221;left_to_right&#8221; overlay_strength=&#8221;0.3&#8243; width=&#8221;1\/1&#8243; tablet_width_inherit=&#8221;default&#8221; animation_type=&#8221;default&#8221; bg_image_animation=&#8221;none&#8221; border_type=&#8221;simple&#8221; column_border_width=&#8221;none&#8221; column_border_style=&#8221;solid&#8221;][vc_row_inner equal_height=&#8221;yes&#8221; content_placement=&#8221;middle&#8221; column_margin=&#8221;default&#8221; column_direction=&#8221;default&#8221; column_direction_tablet=&#8221;default&#8221; column_direction_phone=&#8221;default&#8221; bottom_padding=&#8221;6%&#8221; text_align=&#8221;left&#8221; row_position=&#8221;default&#8221; row_position_tablet=&#8221;inherit&#8221; row_position_phone=&#8221;inherit&#8221; overflow=&#8221;visible&#8221; pointer_events=&#8221;all&#8221;][vc_column_inner column_padding=&#8221;no-extra-padding&#8221; column_padding_tablet=&#8221;inherit&#8221; column_padding_phone=&#8221;inherit&#8221; column_padding_position=&#8221;all&#8221; column_element_direction_desktop=&#8221;default&#8221; column_element_spacing=&#8221;default&#8221; desktop_text_alignment=&#8221;default&#8221; tablet_text_alignment=&#8221;default&#8221; phone_text_alignment=&#8221;default&#8221; background_color_opacity=&#8221;1&#8243; background_hover_color_opacity=&#8221;1&#8243; column_backdrop_filter=&#8221;none&#8221; column_shadow=&#8221;none&#8221; column_border_radius=&#8221;none&#8221; column_link_target=&#8221;_self&#8221; overflow=&#8221;visible&#8221; gradient_direction=&#8221;left_to_right&#8221; overlay_strength=&#8221;0.3&#8243; width=&#8221;1\/2&#8243; tablet_width_inherit=&#8221;default&#8221; animation_type=&#8221;default&#8221; bg_image_animation=&#8221;none&#8221; border_type=&#8221;simple&#8221; column_border_width=&#8221;none&#8221; column_border_style=&#8221;solid&#8221;][vc_custom_heading text=&#8221;Desenvolvimento&#8221; font_container=&#8221;tag:h6|text_align:left|color:rgba(0%2C0%2C0%2C0.78)&#8221; use_theme_fonts=&#8221;yes&#8221; css=&#8221;.vc_custom_1748994317923{margin-bottom: 10px !important;}&#8221;][\/vc_column_inner][vc_column_inner column_padding=&#8221;no-extra-padding&#8221; column_padding_tablet=&#8221;inherit&#8221; column_padding_phone=&#8221;inherit&#8221; column_padding_position=&#8221;all&#8221; column_element_direction_desktop=&#8221;default&#8221; column_element_spacing=&#8221;default&#8221; desktop_text_alignment=&#8221;default&#8221; tablet_text_alignment=&#8221;default&#8221; phone_text_alignment=&#8221;default&#8221; background_color_opacity=&#8221;1&#8243; background_hover_color_opacity=&#8221;1&#8243; column_backdrop_filter=&#8221;none&#8221; column_shadow=&#8221;none&#8221; column_border_radius=&#8221;none&#8221; column_link_target=&#8221;_self&#8221; overflow=&#8221;visible&#8221; gradient_direction=&#8221;left_to_right&#8221; overlay_strength=&#8221;0.3&#8243; width=&#8221;1\/2&#8243; tablet_width_inherit=&#8221;default&#8221; animation_type=&#8221;default&#8221; bg_image_animation=&#8221;none&#8221; border_type=&#8221;simple&#8221; column_border_width=&#8221;none&#8221; column_border_style=&#8221;solid&#8221;][\/vc_column_inner][\/vc_row_inner][nectar_icon_list animate=&#8221;true&#8221; color=&#8221;default&#8221; direction=&#8221;horizontal&#8221; columns=&#8221;3&#8243; icon_size=&#8221;small&#8221; icon_style=&#8221;border&#8221;][nectar_icon_list_item icon_type=&#8221;icon&#8221; text_full_html=&#8221;simple&#8221; title=&#8221;List Item&#8221; id=&#8221;1749084373517-4&#8243; text=&#8221;Antes da oficina, decida os temas que ir\u00e3o inspirar as cenas para o teatro. As tem\u00e1ticas devem ser pensadas de acordo com situa\u00e7\u00f5es que apareceram ao longo dos encontros com as crian\u00e7as, por isso \u00e9 interessante pensar nessa oficina para os \u00faltimos encontros, para que haja tempo de recolher impress\u00f5es sobre a turma e determinar temas que possam interessar. Os temas podem ter um personagem em comum, criado anteriormente pelos alunos em oficinas anteriores, como nos exemplos abaixo, o Davi Jubiscreido:<br \/>\n\u2022 O primeiro dia de Davi na escola nova;<br \/>\n\u2022 O desaparecimento do l\u00e1pis de Davi;<br \/>\n\u2022 Davi quebra um combinado da turma;<br \/>\n\u2022 Brincadeira na hora do recreio.&#8221; tab_id=&#8221;1749084373518-0&#8243; icon_fontawesome=&#8221;fa fa-check&#8221;][\/nectar_icon_list_item][nectar_icon_list_item icon_type=&#8221;icon&#8221; text_full_html=&#8221;simple&#8221; title=&#8221;List Item&#8221; id=&#8221;1749084373553-6&#8243; text=&#8221;Prepare e monte os bonecos de papel\u00e3o que ser\u00e3o usados no teatro. Separe folhas de papel A4 e escreva em letras grandes e de modo central \u201cROTEIRO\u201d. Cada grupo receber\u00e1 um tema para desenvolver um roteiro e encenar com os bonecos de papel\u00e3o.&#8221; tab_id=&#8221;1749084373554-0&#8243; icon_fontawesome=&#8221;fa fa-check&#8221;][\/nectar_icon_list_item][nectar_icon_list_item icon_type=&#8221;icon&#8221; text_full_html=&#8221;simple&#8221; title=&#8221;List Item&#8221; id=&#8221;1749084373596-3&#8243; text=&#8221;Ap\u00f3s a conversa inicial com a turma, introduza aos alunos o nome da oficina do dia \u201cTeatro de bonecos\u201d; aproveite para perguntar o que eles acham que ser\u00e1 a atividade. Explique que a turma ser\u00e1 dividida em grupos e que cada grupo receber\u00e1 um tema para elaborar cenas para um teatro com bonecos de papel\u00e3o!&#8221; tab_id=&#8221;1749084373597-4&#8243; icon_fontawesome=&#8221;fa fa-check&#8221;][\/nectar_icon_list_item][nectar_icon_list_item icon_type=&#8221;icon&#8221; text_full_html=&#8221;simple&#8221; title=&#8221;List Item&#8221; id=&#8221;1749084373614-4&#8243; text=&#8221;Divida a turma em 4 a 5 grupos, para garantir que haja tempo para que todos se apresentem. Distribua igualmente para cada grupo: Um boneco de papel\u00e3o, uma folha A4 escrito \u201cRoteiro\u201d e uma folha de cartolina para o cen\u00e1rio. Levante a folha A4 e explique que nela eles devem criar as cenas para o seu teatro; eles podem escrever as cenas ou desenh\u00e1-las, como eles preferirem. Levante a cartolina e explique que nela eles devem desenhar o cen\u00e1rio onde passar\u00e3o as cenas (na cantina, no gin\u00e1sio, na biblioteca, na sala de aula, ou outros). Levante o boneco de papel\u00e3o e explique que eles devem fazer o personagem que estar\u00e1 nas cenas junto com Davi- ou o personagem que foi criado em conjunto com a turma anteriormente.&#8221; tab_id=&#8221;1749084373615-10&#8243; icon_fontawesome=&#8221;fa fa-check&#8221;][\/nectar_icon_list_item][nectar_icon_list_item icon_type=&#8221;icon&#8221; text_full_html=&#8221;simple&#8221; title=&#8221;List Item&#8221; id=&#8221;1749084373651-1&#8243; text=&#8221;Passe pelos grupos distribuindo aleatoriamente os temas que eles devem seguir para cria\u00e7\u00e3o das cenas. Depois que cada grupo tiver seu tema, v\u00e1 de grupo em grupo perguntando o que eles entenderam da atividade. Aproveite para conversar com eles sobre o tema que receberam e como eles pretendem desenvolver a cena e qual personagem eles pretendem acrescentar \u00e0 hist\u00f3ria.&#8221; tab_id=&#8221;1749084373652-1&#8243; icon_fontawesome=&#8221;fa fa-check&#8221;][\/nectar_icon_list_item][nectar_icon_list_item icon_type=&#8221;icon&#8221; text_full_html=&#8221;simple&#8221; title=&#8221;List Item&#8221; id=&#8221;1749084373689-3&#8243; text=&#8221;Se poss\u00edvel, deixe de modo central na sala, os papeis coloridos, os novelos de l\u00e3 coloridos, os l\u00e1pis e canetas coloridos, as tesouras e as colas para que os alunos tenham acesso para confeccionar seus personagens de papel\u00e3o; eles podem usar os novelos como cabelo, e os papeis coloridos para roupas e acess\u00f3rios.&#8221; tab_id=&#8221;1749084373689-10&#8243; icon_fontawesome=&#8221;fa fa-check&#8221;][\/nectar_icon_list_item][nectar_icon_list_item icon_type=&#8221;icon&#8221; text_full_html=&#8221;simple&#8221; title=&#8221;List Item&#8221; id=&#8221;1749084373710-7&#8243; text=&#8221;Faltando 40 minutos para o final da oficina, avise aos alunos para come\u00e7arem a concluir seus trabalhos para que comecem as apresenta\u00e7\u00f5es. Organize um espa\u00e7o na frente da sala onde os alunos poder\u00e3o esticar suas cartolinas e fazer suas apresenta\u00e7\u00f5es. Pe\u00e7a que os alunos se preparem para os teatros dos colegas. Pergunte se algum grupo gostaria de come\u00e7ar, caso n\u00e3o, escolha um grupo aleatoriamente para iniciar.&#8221; tab_id=&#8221;1749084373711-0&#8243; icon_fontawesome=&#8221;fa fa-check&#8221;][\/nectar_icon_list_item][nectar_icon_list_item icon_type=&#8221;icon&#8221; text_full_html=&#8221;simple&#8221; title=&#8221;List Item&#8221; id=&#8221;1749084373728-2&#8243; text=&#8221;Ap\u00f3s a apresenta\u00e7\u00e3o de cada grupo, garanta que a turma aplauda e parabenize o trabalho dos colegas, agrade\u00e7a ao grupo pela apresenta\u00e7\u00e3o. Dirija-se a turma e pergunte sobre o que eles acham que as cenas eram sobre, veja se algu\u00e9m consegue acertar o tema indicado. Pergunte ao grupo como foi desenvolver o tema e trabalhar em grupo. Agrade\u00e7a a participa\u00e7\u00e3o mais uma vez e siga para a pr\u00f3xima apresenta\u00e7\u00e3o. Fa\u00e7a isso at\u00e9 que todos os grupos tenham apresentado.&#8221; tab_id=&#8221;1749084373729-8&#8243; icon_fontawesome=&#8221;fa fa-check&#8221;][\/nectar_icon_list_item][nectar_icon_list_item icon_type=&#8221;icon&#8221; text_full_html=&#8221;simple&#8221; title=&#8221;List Item&#8221; id=&#8221;1749084373759-5&#8243; text=&#8221;Ao final, agrade\u00e7a a participa\u00e7\u00e3o de todos e puxe uma salva de palmas aos bonecos, atores, roteiristas e cenagrafistas da pe\u00e7a. Pergunte aos alunos o que eles acharam da oficina e qual foi a melhor parte para eles. Conclua a oficina e despe\u00e7a-se dos alunos.&#8221; tab_id=&#8221;1749084373760-1&#8243; icon_fontawesome=&#8221;fa fa-check&#8221;][\/nectar_icon_list_item][\/nectar_icon_list][\/vc_column][\/vc_row]\n","protected":false},"excerpt":{"rendered":"<p>[vc_row type=&#8221;full_width_background&#8221; full_screen_row_position=&#8221;middle&#8221; column_margin=&#8221;default&#8221; column_direction=&#8221;default&#8221; column_direction_tablet=&#8221;default&#8221; column_direction_phone=&#8221;default&#8221; bg_color=&#8221;#ffffff&#8221; scene_position=&#8221;center&#8221; top_padding=&#8221;5%&#8221; text_color=&#8221;dark&#8221; text_align=&#8221;left&#8221; row_border_radius=&#8221;none&#8221; row_border_radius_applies=&#8221;bg&#8221; overflow=&#8221;visible&#8221; overlay_strength=&#8221;0.3&#8243; gradient_direction=&#8221;left_to_right&#8221; shape_divider_position=&#8221;bottom&#8221; bg_image_animation=&#8221;none&#8221; gradient_type=&#8221;default&#8221; shape_type=&#8221;&#8221;][vc_column column_padding=&#8221;padding-2-percent&#8221; column_padding_tablet=&#8221;inherit&#8221; column_padding_phone=&#8221;inherit&#8221; column_padding_position=&#8221;all&#8221;&#8230;<\/p>\n","protected":false},"author":1,"featured_media":0,"parent":6093,"menu_order":0,"comment_status":"closed","ping_status":"closed","template":"","meta":{"inline_featured_image":false,"footnotes":""},"class_list":["post-6349","page","type-page","status-publish"],"_links":{"self":[{"href":"https:\/\/1ogro.com\/projects\/degenerauerj\/wp-json\/wp\/v2\/pages\/6349","targetHints":{"allow":["GET"]}}],"collection":[{"href":"https:\/\/1ogro.com\/projects\/degenerauerj\/wp-json\/wp\/v2\/pages"}],"about":[{"href":"https:\/\/1ogro.com\/projects\/degenerauerj\/wp-json\/wp\/v2\/types\/page"}],"author":[{"embeddable":true,"href":"https:\/\/1ogro.com\/projects\/degenerauerj\/wp-json\/wp\/v2\/users\/1"}],"replies":[{"embeddable":true,"href":"https:\/\/1ogro.com\/projects\/degenerauerj\/wp-json\/wp\/v2\/comments?post=6349"}],"version-history":[{"count":4,"href":"https:\/\/1ogro.com\/projects\/degenerauerj\/wp-json\/wp\/v2\/pages\/6349\/revisions"}],"predecessor-version":[{"id":6353,"href":"https:\/\/1ogro.com\/projects\/degenerauerj\/wp-json\/wp\/v2\/pages\/6349\/revisions\/6353"}],"up":[{"embeddable":true,"href":"https:\/\/1ogro.com\/projects\/degenerauerj\/wp-json\/wp\/v2\/pages\/6093"}],"wp:attachment":[{"href":"https:\/\/1ogro.com\/projects\/degenerauerj\/wp-json\/wp\/v2\/media?parent=6349"}],"curies":[{"name":"wp","href":"https:\/\/api.w.org\/{rel}","templated":true}]}}